{"id":204,"date":"2018-09-10T06:52:44","date_gmt":"2018-09-10T06:52:44","guid":{"rendered":"http:\/\/source.wpopal.com\/auros\/?page_id=204"},"modified":"2020-08-18T14:59:54","modified_gmt":"2020-08-18T14:59:54","slug":"home-page","status":"publish","type":"page","link":"https:\/\/nmc.1c7.myftpupload.com\/en\/","title":{"rendered":"Home"},"content":{"rendered":"<div data-elementor-type=\"wp-post\" data-elementor-id=\"204\" class=\"elementor elementor-204\">\n\t\t\t\t\t\t<section class=\"elementor-section elementor-top-section elementor-element elementor-element-691777c elementor-section-stretched elementor-section-boxed elementor-section-height-default elementor-section-height-default\" data-id=\"691777c\" data-element_type=\"section\" data-settings=\"{&quot;stretch_section&quot;:&quot;section-stretched&quot;}\">\n\t\t\t\t\t\t<div class=\"elementor-container elementor-column-gap-default\">\n\t\t\t\t\t<div class=\"elementor-column elementor-col-33 elementor-top-column elementor-element elementor-element-23460dd\" data-id=\"23460dd\" data-element_type=\"column\">\n\t\t\t<div class=\"elementor-widget-wrap elementor-element-populated\">\n\t\t\t\t\t\t<div class=\"elementor-element elementor-element-5b8f4a5 elementor-widget elementor-widget-image\" data-id=\"5b8f4a5\" data-element_type=\"widget\" data-widget_type=\"image.default\">\n\t\t\t\t<div class=\"elementor-widget-container\">\n\t\t\t\t\t\t\t\t\t\t\t\t\t\t\t\t<a href=\"https:\/\/balzandrolf.com\/shop\/\">\n\t\t\t\t\t\t\t<img fetchpriority=\"high\" decoding=\"async\" width=\"600\" height=\"600\" src=\"https:\/\/nmc.1c7.myftpupload.com\/wp-content\/uploads\/2020\/05\/balandrolfbadgeAsset-5@4xk-1024x1024.png\" class=\"attachment-large size-large wp-image-4944\" alt=\"\" srcset=\"https:\/\/nmc.1c7.myftpupload.com\/wp-content\/uploads\/2020\/05\/balandrolfbadgeAsset-5@4xk-1024x1024.png 1024w, https:\/\/nmc.1c7.myftpupload.com\/wp-content\/uploads\/2020\/05\/balandrolfbadgeAsset-5@4xk-300x300.png 300w, https:\/\/nmc.1c7.myftpupload.com\/wp-content\/uploads\/2020\/05\/balandrolfbadgeAsset-5@4xk-150x150.png 150w, https:\/\/nmc.1c7.myftpupload.com\/wp-content\/uploads\/2020\/05\/balandrolfbadgeAsset-5@4xk-768x768.png 768w, https:\/\/nmc.1c7.myftpupload.com\/wp-content\/uploads\/2020\/05\/balandrolfbadgeAsset-5@4xk-1536x1536.png 1536w, https:\/\/nmc.1c7.myftpupload.com\/wp-content\/uploads\/2020\/05\/balandrolfbadgeAsset-5@4xk-2048x2048.png 2048w, https:\/\/nmc.1c7.myftpupload.com\/wp-content\/uploads\/2020\/05\/balandrolfbadgeAsset-5@4xk-400x400.png 400w, https:\/\/nmc.1c7.myftpupload.com\/wp-content\/uploads\/2020\/05\/balandrolfbadgeAsset-5@4xk-100x100.png 100w, https:\/\/nmc.1c7.myftpupload.com\/wp-content\/uploads\/2020\/05\/balandrolfbadgeAsset-5@4xk-600x600.png 600w\" sizes=\"(max-width: 600px) 100vw, 600px\" \/>\t\t\t\t\t\t\t\t<\/a>\n\t\t\t\t\t\t\t\t\t\t\t\t\t\t\t<\/div>\n\t\t\t\t<\/div>\n\t\t\t\t\t<\/div>\n\t\t<\/div>\n\t\t\t\t<div class=\"elementor-column elementor-col-33 elementor-top-column elementor-element elementor-element-542d134\" data-id=\"542d134\" data-element_type=\"column\">\n\t\t\t<div class=\"elementor-widget-wrap elementor-element-populated\">\n\t\t\t\t\t\t<div class=\"elementor-element elementor-element-b8eb505 elementor-widget elementor-widget-image\" data-id=\"b8eb505\" data-element_type=\"widget\" data-widget_type=\"image.default\">\n\t\t\t\t<div class=\"elementor-widget-container\">\n\t\t\t\t\t\t\t\t\t\t\t\t\t\t\t\t<a href=\"https:\/\/balzandrolf.com\/knowledge-and-news\/\">\n\t\t\t\t\t\t\t<img decoding=\"async\" width=\"600\" height=\"600\" src=\"https:\/\/nmc.1c7.myftpupload.com\/wp-content\/uploads\/2020\/05\/kno-768x768.png\" class=\"attachment-medium_large size-medium_large wp-image-4989\" alt=\"\" srcset=\"https:\/\/nmc.1c7.myftpupload.com\/wp-content\/uploads\/2020\/05\/kno-768x768.png 768w, https:\/\/nmc.1c7.myftpupload.com\/wp-content\/uploads\/2020\/05\/kno-300x300.png 300w, https:\/\/nmc.1c7.myftpupload.com\/wp-content\/uploads\/2020\/05\/kno-1024x1024.png 1024w, https:\/\/nmc.1c7.myftpupload.com\/wp-content\/uploads\/2020\/05\/kno-150x150.png 150w, https:\/\/nmc.1c7.myftpupload.com\/wp-content\/uploads\/2020\/05\/kno-1536x1536.png 1536w, https:\/\/nmc.1c7.myftpupload.com\/wp-content\/uploads\/2020\/05\/kno-400x400.png 400w, https:\/\/nmc.1c7.myftpupload.com\/wp-content\/uploads\/2020\/05\/kno-100x100.png 100w, https:\/\/nmc.1c7.myftpupload.com\/wp-content\/uploads\/2020\/05\/kno-600x600.png 600w, https:\/\/nmc.1c7.myftpupload.com\/wp-content\/uploads\/2020\/05\/kno.png 1920w\" sizes=\"(max-width: 600px) 100vw, 600px\" \/>\t\t\t\t\t\t\t\t<\/a>\n\t\t\t\t\t\t\t\t\t\t\t\t\t\t\t<\/div>\n\t\t\t\t<\/div>\n\t\t\t\t\t<\/div>\n\t\t<\/div>\n\t\t\t\t<div class=\"elementor-column elementor-col-33 elementor-top-column elementor-element elementor-element-9fcc333\" data-id=\"9fcc333\" data-element_type=\"column\">\n\t\t\t<div class=\"elementor-widget-wrap\">\n\t\t\t\t\t\t\t<\/div>\n\t\t<\/div>\n\t\t\t\t\t<\/div>\n\t\t<\/section>\n\t\t\t\t<section class=\"elementor-section elementor-top-section elementor-element elementor-element-0be9206 animated-fast elementor-section-boxed elementor-section-height-default elementor-section-height-default elementor-invisible\" data-id=\"0be9206\" data-element_type=\"section\" data-settings=\"{&quot;animation&quot;:&quot;opal-move-up&quot;}\">\n\t\t\t\t\t\t<div class=\"elementor-container elementor-column-gap-no\">\n\t\t\t\t\t<div class=\"elementor-column elementor-col-100 elementor-top-column elementor-element elementor-element-0f35fb8 animated-fast elementor-invisible\" data-id=\"0f35fb8\" data-element_type=\"column\" data-settings=\"{&quot;animation&quot;:&quot;opal-move-up&quot;}\">\n\t\t\t<div class=\"elementor-widget-wrap elementor-element-populated\">\n\t\t\t\t\t\t<div class=\"elementor-element elementor-element-cb7636a elementor-widget elementor-widget-slider_revolution\" data-id=\"cb7636a\" data-element_type=\"widget\" data-widget_type=\"slider_revolution.default\">\n\t\t\t\t<div class=\"elementor-widget-container\">\n\t\t\t\t\t\r\n\t\t<div class=\"wp-block-themepunch-revslider\">\n\t\t\t<!-- START Stark Content1 REVOLUTION SLIDER 6.1.8 --><p class=\"rs-p-wp-fix\"><\/p>\n\t\t\t<rs-module-wrap id=\"about_wrapper\" data-source=\"gallery\" style=\"background:transparent;padding:0;margin:0px auto;margin-top:0;margin-bottom:0;\">\n\t\t\t\t<rs-module id=\"about\" style=\"display:none;\" data-version=\"6.1.8\">\n\t\t\t\t\t<rs-slides>\n\t\t\t\t\t\t<rs-slide data-key=\"rs-9\" data-title=\"Slide\" data-anim=\"ei:d;eo:d;s:d;r:0;t:fade;sl:d;\">\n\t\t\t\t\t\t\t<img decoding=\"async\" src=\"\/\/nmc.1c7.myftpupload.com\/wp-content\/plugins\/revslider\/public\/assets\/assets\/transparent.png\" title=\"Home\" class=\"rev-slidebg\" data-no-retina>\n<!--\t\t\t\t\t\t--><rs-zone id=\"rrzt_9\" class=\"rev_row_zone_top\" style=\"z-index: 11;\"><!--\n\n\t\t\t\t\t\t\t\t--><rs-row\n\t\t\t\t\t\t\t\t\tid=\"slider-6-slide-9-layer-0\" \n\t\t\t\t\t\t\t\t\tdata-type=\"row\"\n\t\t\t\t\t\t\t\t\tdata-xy=\"xo:50px;yo:69px;\"\n\t\t\t\t\t\t\t\t\tdata-basealign=\"slide\"\n\t\t\t\t\t\t\t\t\tdata-rsp_o=\"off\"\n\t\t\t\t\t\t\t\t\tdata-rsp_bd=\"off\"\n\t\t\t\t\t\t\t\t\tdata-frame_0=\"y:bottom;o:1;\"\n\t\t\t\t\t\t\t\t\tdata-frame_1=\"sp:1500;\"\n\t\t\t\t\t\t\t\t\tdata-frame_999=\"o:0;st:w;sA:9000;\"\n\t\t\t\t\t\t\t\t\tstyle=\"z-index:1;\"\n\t\t\t\t\t\t\t\t><!--\n\t\t\t\t\t\t\t\t\t--><rs-column\n\t\t\t\t\t\t\t\t\t\tid=\"slider-6-slide-9-layer-1\" \n\t\t\t\t\t\t\t\t\t\tdata-type=\"column\"\n\t\t\t\t\t\t\t\t\t\tdata-xy=\"xo:50px;yo:69px;\"\n\t\t\t\t\t\t\t\t\t\tdata-rsp_o=\"off\"\n\t\t\t\t\t\t\t\t\t\tdata-rsp_bd=\"off\"\n\t\t\t\t\t\t\t\t\t\tdata-column=\"w:100%;\"\n\t\t\t\t\t\t\t\t\t\tdata-padding=\"t:50,30,30,20;r:50,30,30,20;b:80,50,50,50;l:50,30,30,20;\"\n\t\t\t\t\t\t\t\t\t\tdata-frame_0=\"o:1;\"\n\t\t\t\t\t\t\t\t\t\tdata-frame_999=\"o:0;st:w;sA:9000;\"\n\t\t\t\t\t\t\t\t\t\tstyle=\"z-index:2;background-color:#ffffff;width:100%;\"\n\t\t\t\t\t\t\t\t\t><!--\n\t\t\t\t\t\t\t\t\t\t--><rs-layer\n\t\t\t\t\t\t\t\t\t\t\tid=\"slider-6-slide-9-layer-15\" \n\t\t\t\t\t\t\t\t\t\t\tdata-type=\"text\"\n\t\t\t\t\t\t\t\t\t\t\tdata-color=\"#34aadc\"\n\t\t\t\t\t\t\t\t\t\t\tdata-xy=\"xo:301px,301px,301px,0;yo:198px,198px,198px,0;\"\n\t\t\t\t\t\t\t\t\t\t\tdata-text=\"w:normal;s:63,63,63,28;l:79,79,79,34;fw:700;a:center;\"\n\t\t\t\t\t\t\t\t\t\t\tdata-dim=\"w:auto,auto,auto,195px;\"\n\t\t\t\t\t\t\t\t\t\t\tdata-rsp_o=\"off\"\n\t\t\t\t\t\t\t\t\t\t\tdata-rsp_bd=\"off\"\n\t\t\t\t\t\t\t\t\t\t\tdata-frame_999=\"o:0;st:w;\"\n\t\t\t\t\t\t\t\t\t\t\tstyle=\"z-index:3;font-family:Roboto;\"\n\t\t\t\t\t\t\t\t\t\t>LATEST NEWS \n\t\t\t\t\t\t\t\t\t\t<\/rs-layer><!--\n\n\t\t\t\t\t\t\t\t\t\t--><rs-layer\n\t\t\t\t\t\t\t\t\t\t\tid=\"slider-6-slide-9-layer-8\" \n\t\t\t\t\t\t\t\t\t\t\tclass=\"rs-nolc rs-layer-video\"\n\t\t\t\t\t\t\t\t\t\t\tdata-type=\"video\"\n\t\t\t\t\t\t\t\t\t\t\tdata-text=\"w:normal;\"\n\t\t\t\t\t\t\t\t\t\t\tdata-dim=\"w:100%;h:400px,300px,300px,200px;\"\n\t\t\t\t\t\t\t\t\t\t\tdata-rsp_o=\"off\"\n\t\t\t\t\t\t\t\t\t\t\tdata-rsp_bd=\"off\"\n\t\t\t\t\t\t\t\t\t\t\tdata-video=\"vd:100;noint:t;l:true;ptimer:false;nse:f;sav:f;\"\n\t\t\t\t\t\t\t\t\t\t\tdata-poster=\"\/\/balzandrolf.com\/wp-content\/uploads\/revslider\/stark-content\/banana_cover.jpg\"\n\t\t\t\t\t\t\t\t\t\t\tdata-mp4=\"\/\/balzandrolf.com\/wp-content\/uploads\/revslider\/stark-content\/banana.mp4\"\n\t\t\t\t\t\t\t\t\t\t\tdata-frame_999=\"o:0;st:w;\"\n\t\t\t\t\t\t\t\t\t\t\tstyle=\"z-index:4;\"\n\t\t\t\t\t\t\t\t\t\t>\n\t\t\t\t\t\t\t\t\t\t<\/rs-layer><!--\n\t\t\t\t\t\t\t\t\t--><\/rs-column><!--\n\t\t\t\t\t\t\t\t--><\/rs-row><!--\n\t\t\t\t\t\t\t--><\/rs-zone><!--\n-->\t\t\t\t\t\t<\/rs-slide>\n\t\t\t\t\t<\/rs-slides>\n\t\t\t\t\t<rs-progress class=\"rs-bottom\" style=\"visibility: hidden !important;\"><\/rs-progress>\n\t\t\t\t<\/rs-module>\n\t\t\t\t<script type=\"text\/javascript\">\n\t\t\t\t\tsetREVStartSize({c: 'about',rl:[1240,1024,778,480],el:[609,695,1051,338],gw:[1240,1024,778,480],gh:[400,695,1051,150],type:'hero',justify:'',layout:'fullwidth',mh:\"0\"});\n\t\t\t\t\tvar\trevapi6,\n\t\t\t\t\t\ttpj;\n\t\t\t\t\tjQuery(function() {\n\t\t\t\t\t\ttpj = jQuery;\n\t\t\t\t\t\tif(tpj(\"#about\").revolution == undefined){\n\t\t\t\t\t\t\trevslider_showDoubleJqueryError(\"#about\");\n\t\t\t\t\t\t}else{\n\t\t\t\t\t\t\trevapi6 = tpj(\"#about\").show().revolution({\n\t\t\t\t\t\t\t\tsliderType:\"hero\",\n\t\t\t\t\t\t\t\tjsFileLocation:\"\/\/nmc.1c7.myftpupload.com\/wp-content\/plugins\/revslider\/public\/assets\/js\/\",\n\t\t\t\t\t\t\t\tvisibilityLevels:\"1240,1024,778,480\",\n\t\t\t\t\t\t\t\tgridwidth:\"1240,1024,778,480\",\n\t\t\t\t\t\t\t\tgridheight:\"400,695,1051,150\",\n\t\t\t\t\t\t\t\tkeepBPHeight:true,\n\t\t\t\t\t\t\t\teditorheight:\"609,695,1051,338\",\n\t\t\t\t\t\t\t\tresponsiveLevels:\"1240,1024,778,480\",\n\t\t\t\t\t\t\t\tdisableProgressBar:\"on\",\n\t\t\t\t\t\t\t\tnavigation: {\n\t\t\t\t\t\t\t\t\tonHoverStop:false\n\t\t\t\t\t\t\t\t},\n\t\t\t\t\t\t\t\tfallbacks: {\n\t\t\t\t\t\t\t\t\tallowHTML5AutoPlayOnAndroid:true\n\t\t\t\t\t\t\t\t},\n\t\t\t\t\t\t\t});\n\t\t\t\t\t\t}\n\t\t\t\t\t\t\n\t\t\t\t\t});\n\t\t\t\t<\/script>\n\t\t\t<\/rs-module-wrap>\n\t\t\t<!-- END REVOLUTION SLIDER -->\n<\/div>\r\n\r\n\t\t\t\t\t\t<\/div>\n\t\t\t\t<\/div>\n\t\t\t\t\t<\/div>\n\t\t<\/div>\n\t\t\t\t\t<\/div>\n\t\t<\/section>\n\t\t\t\t<section class=\"elementor-section elementor-top-section elementor-element elementor-element-163c072 animated-fast elementor-section-boxed elementor-section-height-default elementor-section-height-default elementor-invisible\" data-id=\"163c072\" data-element_type=\"section\" data-settings=\"{&quot;animation&quot;:&quot;opal-move-up&quot;}\">\n\t\t\t\t\t\t<div class=\"elementor-container elementor-column-gap-no\">\n\t\t\t\t\t<div class=\"elementor-column elementor-col-100 elementor-top-column elementor-element elementor-element-fbdeb74\" data-id=\"fbdeb74\" data-element_type=\"column\">\n\t\t\t<div class=\"elementor-widget-wrap elementor-element-populated\">\n\t\t\t\t\t\t<div class=\"elementor-element elementor-element-0eb223f elementor-widget elementor-widget-heading\" data-id=\"0eb223f\" data-element_type=\"widget\" data-widget_type=\"heading.default\">\n\t\t\t\t<div class=\"elementor-widget-container\">\n\t\t\t\t\t<h2 class=\"elementor-heading-title elementor-size-default\">Trending this month<\/h2>\t\t\t\t<\/div>\n\t\t\t\t<\/div>\n\t\t\t\t<div class=\"elementor-element elementor-element-7937c6f elementor-widget elementor-widget-text-editor\" data-id=\"7937c6f\" data-element_type=\"widget\" data-widget_type=\"text-editor.default\">\n\t\t\t\t<div class=\"elementor-widget-container\">\n\t\t\t\t\t\t\t\t\t<p>PROGURT<\/p>\t\t\t\t\t\t\t\t<\/div>\n\t\t\t\t<\/div>\n\t\t\t\t<div class=\"elementor-element elementor-element-a84463f elementor-align-center animated-fast elementor-invisible elementor-widget elementor-widget-button\" data-id=\"a84463f\" data-element_type=\"widget\" data-settings=\"{&quot;_animation&quot;:&quot;opal-move-up&quot;}\" data-widget_type=\"button.default\">\n\t\t\t\t<div class=\"elementor-widget-container\">\n\t\t\t\t\t\t\t\t\t<div class=\"elementor-button-wrapper\">\n\t\t\t\t\t<a class=\"elementor-button elementor-button-link elementor-size-sm elementor-animation-grow\" href=\"https:\/\/balzandrolf.com\/shop\/\" target=\"_blank\">\n\t\t\t\t\t\t<span class=\"elementor-button-content-wrapper\">\n\t\t\t\t\t\t\t\t\t<span class=\"elementor-button-text\">+ See All Products<\/span>\n\t\t\t\t\t<\/span>\n\t\t\t\t\t<\/a>\n\t\t\t\t<\/div>\n\t\t\t\t\t\t\t\t<\/div>\n\t\t\t\t<\/div>\n\t\t\t\t<div class=\"elementor-element elementor-element-55dc090 elementor-widget-divider--view-line elementor-widget elementor-widget-divider\" data-id=\"55dc090\" data-element_type=\"widget\" data-widget_type=\"divider.default\">\n\t\t\t\t<div class=\"elementor-widget-container\">\n\t\t\t\t\t\t\t<div class=\"elementor-divider\">\n\t\t\t<span class=\"elementor-divider-separator\">\n\t\t\t\t\t\t<\/span>\n\t\t<\/div>\n\t\t\t\t\t\t<\/div>\n\t\t\t\t<\/div>\n\t\t\t\t\t<\/div>\n\t\t<\/div>\n\t\t\t\t\t<\/div>\n\t\t<\/section>\n\t\t\t\t<section class=\"elementor-section elementor-top-section elementor-element elementor-element-429762f elementor-section-stretched elementor-section-content-middle animated-fast elementor-section-boxed elementor-section-height-default elementor-section-height-default elementor-invisible\" data-id=\"429762f\" data-element_type=\"section\" data-settings=\"{&quot;background_background&quot;:&quot;classic&quot;,&quot;stretch_section&quot;:&quot;section-stretched&quot;,&quot;animation&quot;:&quot;opal-move-up&quot;}\">\n\t\t\t\t\t\t<div class=\"elementor-container elementor-column-gap-no\">\n\t\t\t\t\t<div class=\"elementor-column elementor-col-100 elementor-top-column elementor-element elementor-element-7c3fed3\" data-id=\"7c3fed3\" data-element_type=\"column\" data-settings=\"{&quot;background_background&quot;:&quot;classic&quot;}\">\n\t\t\t<div class=\"elementor-widget-wrap\">\n\t\t\t\t\t\t\t<\/div>\n\t\t<\/div>\n\t\t\t\t\t<\/div>\n\t\t<\/section>\n\t\t\t\t<section class=\"elementor-section elementor-top-section elementor-element elementor-element-7ff349c2 elementor-section-content-middle elementor-section-boxed elementor-section-height-default elementor-section-height-default\" data-id=\"7ff349c2\" data-element_type=\"section\">\n\t\t\t\t\t\t<div class=\"elementor-container elementor-column-gap-no\">\n\t\t\t\t\t<div class=\"elementor-column elementor-col-100 elementor-top-column elementor-element elementor-element-2d3b9f9c\" data-id=\"2d3b9f9c\" data-element_type=\"column\">\n\t\t\t<div class=\"elementor-widget-wrap elementor-element-populated\">\n\t\t\t\t\t\t<div class=\"elementor-element elementor-element-55891a5a elementor-widget elementor-widget-heading\" data-id=\"55891a5a\" data-element_type=\"widget\" data-widget_type=\"heading.default\">\n\t\t\t\t<div class=\"elementor-widget-container\">\n\t\t\t\t\t<h5 class=\"elementor-heading-title elementor-size-default\">Our company is a collective of amazing people who strive to sell delicious healthy products<\/h5>\t\t\t\t<\/div>\n\t\t\t\t<\/div>\n\t\t\t\t<div class=\"elementor-element elementor-element-4d4a159 elementor-widget elementor-widget-text-editor\" data-id=\"4d4a159\" data-element_type=\"widget\" data-widget_type=\"text-editor.default\">\n\t\t\t\t<div class=\"elementor-widget-container\">\n\t\t\t\t\t\t\t\t\t<h3>Balz &amp; Rolf - two men with one goal<\/h3><p>Balz: \"I want to sell healthy products. As with good design, simple and good is a task that is not always easy to accomplish. It's a challenge to find a product that doesn't contain anything unnecessary - but once we find such products, we want to make them available to everyone\".<\/p><p>Rolf: \"I got tired of having more additives in some products than the product itself, so I started looking more closely. I like to look for brands and products that are hard to find, healthy and safe - all the testing and analyzing is just fun.\"<\/p>\t\t\t\t\t\t\t\t<\/div>\n\t\t\t\t<\/div>\n\t\t\t\t\t<\/div>\n\t\t<\/div>\n\t\t\t\t\t<\/div>\n\t\t<\/section>\n\t\t\t\t<\/div>","protected":false},"excerpt":{"rendered":"<p>Gesundheitserg\u00e4nzungen 0 items Fitness-Produkte Healthy Juni 20, 2020 Bleiben wir Cool! Im Sport oder im Alltag, wir verletzen uns immer wieder. Wir haben f\u00fcr sie was Cooles dagegen gefunden. Unser Hot-Cold&#8230; + Read more Uncategorized Juni 7, 2020 Die probiotischen Menschen lieben Der menschliche Darm enth\u00e4lt \u00fcber 100 Billionen Mikroorganismen, sch\u00fctzt vor Viren, liefert Energie, &hellip; <\/p>\n<p class=\"link-more\"><a href=\"https:\/\/nmc.1c7.myftpupload.com\/en\/\" class=\"more-link\">Read More <span class=\"screen-reader-text\"> &#171;Home&#187;<\/span><\/a><\/p>","protected":false},"author":1,"featured_media":0,"parent":0,"menu_order":0,"comment_status":"closed","ping_status":"closed","template":"","meta":{"_coblocks_attr":"","_coblocks_dimensions":"","_coblocks_responsive_height":"","_coblocks_accordion_ie_support":"","footnotes":""},"class_list":["post-204","page","type-page","status-publish","hentry"],"yoast_head":"<!-- This site is optimized with the Yoast SEO plugin v19.6.1 - https:\/\/yoast.com\/wordpress\/plugins\/seo\/ -->\n<title>Home - Balz and Rolf<\/title>\n<meta name=\"robots\" content=\"noindex, follow, max-snippet:-1, max-image-preview:large, max-video-preview:-1\" \/>\n<meta property=\"og:locale\" content=\"en_GB\" \/>\n<meta property=\"og:type\" content=\"article\" \/>\n<meta property=\"og:title\" content=\"Home - Balz and Rolf\" \/>\n<meta property=\"og:description\" content=\"Gesundheitserg\u00e4nzungen 0 items Fitness-Produkte Healthy Juni 20, 2020 Bleiben wir Cool! Im Sport oder im Alltag, wir verletzen uns immer wieder. Wir haben f\u00fcr sie was Cooles dagegen gefunden. Unser Hot-Cold&#8230; + Read more Uncategorized Juni 7, 2020 Die probiotischen Menschen lieben Der menschliche Darm enth\u00e4lt \u00fcber 100 Billionen Mikroorganismen, sch\u00fctzt vor Viren, liefert Energie, &hellip; Read More &quot;Home&quot;\" \/>\n<meta property=\"og:url\" content=\"https:\/\/nmc.1c7.myftpupload.com\/en\/\" \/>\n<meta property=\"og:site_name\" content=\"Balz and Rolf\" \/>\n<meta property=\"article:modified_time\" content=\"2020-08-18T14:59:54+00:00\" \/>\n<meta property=\"og:image\" content=\"http:\/\/nmc.1c7.myftpupload.com\/wp-content\/uploads\/2020\/05\/balandrolfbadgeAsset-5@4xk-1024x1024.png\" \/>\n<meta name=\"twitter:card\" content=\"summary_large_image\" \/>\n<meta name=\"twitter:label1\" content=\"Estimated reading time\" \/>\n\t<meta name=\"twitter:data1\" content=\"2 minutes\" \/>\n<script type=\"application\/ld+json\" class=\"yoast-schema-graph\">{\"@context\":\"https:\/\/schema.org\",\"@graph\":[{\"@type\":\"WebPage\",\"@id\":\"https:\/\/nmc.1c7.myftpupload.com\/\",\"url\":\"https:\/\/nmc.1c7.myftpupload.com\/\",\"name\":\"Home - Balz and Rolf\",\"isPartOf\":{\"@id\":\"https:\/\/nmc.1c7.myftpupload.com\/#website\"},\"datePublished\":\"2018-09-10T06:52:44+00:00\",\"dateModified\":\"2020-08-18T14:59:54+00:00\",\"breadcrumb\":{\"@id\":\"https:\/\/nmc.1c7.myftpupload.com\/#breadcrumb\"},\"inLanguage\":\"en-GB\",\"potentialAction\":[{\"@type\":\"ReadAction\",\"target\":[\"https:\/\/nmc.1c7.myftpupload.com\/\"]}]},{\"@type\":\"BreadcrumbList\",\"@id\":\"https:\/\/nmc.1c7.myftpupload.com\/#breadcrumb\",\"itemListElement\":[{\"@type\":\"ListItem\",\"position\":1,\"name\":\"Home\",\"item\":\"https:\/\/nmc.1c7.myftpupload.com\/\"},{\"@type\":\"ListItem\",\"position\":2,\"name\":\"Home\"}]},{\"@type\":\"WebSite\",\"@id\":\"https:\/\/nmc.1c7.myftpupload.com\/#website\",\"url\":\"https:\/\/nmc.1c7.myftpupload.com\/\",\"name\":\"Balz and Rolf\",\"description\":\"Vertrauensw\u00fcrdiger Schweizer Marktplatz f\u00fcr Gesundheitsprodukte\",\"publisher\":{\"@id\":\"https:\/\/nmc.1c7.myftpupload.com\/#organization\"},\"potentialAction\":[{\"@type\":\"SearchAction\",\"target\":{\"@type\":\"EntryPoint\",\"urlTemplate\":\"https:\/\/nmc.1c7.myftpupload.com\/?s={search_term_string}\"},\"query-input\":\"required name=search_term_string\"}],\"inLanguage\":\"en-GB\"},{\"@type\":\"Organization\",\"@id\":\"https:\/\/nmc.1c7.myftpupload.com\/#organization\",\"name\":\"Balz and Rolf\",\"url\":\"https:\/\/nmc.1c7.myftpupload.com\/\",\"sameAs\":[],\"logo\":{\"@type\":\"ImageObject\",\"inLanguage\":\"en-GB\",\"@id\":\"https:\/\/nmc.1c7.myftpupload.com\/#\/schema\/logo\/image\/\",\"url\":\"https:\/\/nmc.1c7.myftpupload.com\/wp-content\/uploads\/2020\/05\/cropped-balzandrolflogo.png\",\"contentUrl\":\"https:\/\/nmc.1c7.myftpupload.com\/wp-content\/uploads\/2020\/05\/cropped-balzandrolflogo.png\",\"width\":787,\"height\":679,\"caption\":\"Balz and Rolf\"},\"image\":{\"@id\":\"https:\/\/nmc.1c7.myftpupload.com\/#\/schema\/logo\/image\/\"}}]}<\/script>\n<!-- \/ Yoast SEO plugin. -->","yoast_head_json":{"title":"Home - Courting and Rolf","robots":{"index":"noindex","follow":"follow","max-snippet":"max-snippet:-1","max-image-preview":"max-image-preview:large","max-video-preview":"max-video-preview:-1"},"og_locale":"en_GB","og_type":"article","og_title":"Home - Balz and Rolf","og_description":"Gesundheitserg\u00e4nzungen 0 items Fitness-Produkte Healthy Juni 20, 2020 Bleiben wir Cool! Im Sport oder im Alltag, wir verletzen uns immer wieder. Wir haben f\u00fcr sie was Cooles dagegen gefunden. Unser Hot-Cold&#8230; + Read more Uncategorized Juni 7, 2020 Die probiotischen Menschen lieben Der menschliche Darm enth\u00e4lt \u00fcber 100 Billionen Mikroorganismen, sch\u00fctzt vor Viren, liefert Energie, &hellip; Read More \"Home\"","og_url":"https:\/\/nmc.1c7.myftpupload.com\/en\/","og_site_name":"Balz and Rolf","article_modified_time":"2020-08-18T14:59:54+00:00","og_image":[{"url":"http:\/\/nmc.1c7.myftpupload.com\/wp-content\/uploads\/2020\/05\/balandrolfbadgeAsset-5@4xk-1024x1024.png"}],"twitter_card":"summary_large_image","twitter_misc":{"Estimated reading time":"2 minutes"},"schema":{"@context":"https:\/\/schema.org","@graph":[{"@type":"WebPage","@id":"https:\/\/nmc.1c7.myftpupload.com\/","url":"https:\/\/nmc.1c7.myftpupload.com\/","name":"Home - Courting and Rolf","isPartOf":{"@id":"https:\/\/nmc.1c7.myftpupload.com\/#website"},"datePublished":"2018-09-10T06:52:44+00:00","dateModified":"2020-08-18T14:59:54+00:00","breadcrumb":{"@id":"https:\/\/nmc.1c7.myftpupload.com\/#breadcrumb"},"inLanguage":"en-GB","potentialAction":[{"@type":"ReadAction","target":["https:\/\/nmc.1c7.myftpupload.com\/"]}]},{"@type":"BreadcrumbList","@id":"https:\/\/nmc.1c7.myftpupload.com\/#breadcrumb","itemListElement":[{"@type":"ListItem","position":1,"name":"Home","item":"https:\/\/nmc.1c7.myftpupload.com\/"},{"@type":"ListItem","position":2,"name":"Home"}]},{"@type":"WebSite","@id":"https:\/\/nmc.1c7.myftpupload.com\/#website","url":"https:\/\/nmc.1c7.myftpupload.com\/","name":"courtship display","description":"Vertrauensw\u00fcrdiger Schweizer Marktplatz f\u00fcr Gesundheitsprodukte","publisher":{"@id":"https:\/\/nmc.1c7.myftpupload.com\/#organization"},"potentialAction":[{"@type":"SearchAction","target":{"@type":"EntryPoint","urlTemplate":"https:\/\/nmc.1c7.myftpupload.com\/?s={search_term_string}"},"query-input":"required name=search_term_string"}],"inLanguage":"en-GB"},{"@type":"Organization","@id":"https:\/\/nmc.1c7.myftpupload.com\/#organization","name":"courtship display","url":"https:\/\/nmc.1c7.myftpupload.com\/","sameAs":[],"logo":{"@type":"ImageObject","inLanguage":"en-GB","@id":"https:\/\/nmc.1c7.myftpupload.com\/#\/schema\/logo\/image\/","url":"https:\/\/nmc.1c7.myftpupload.com\/wp-content\/uploads\/2020\/05\/cropped-balzandrolflogo.png","contentUrl":"https:\/\/nmc.1c7.myftpupload.com\/wp-content\/uploads\/2020\/05\/cropped-balzandrolflogo.png","width":787,"height":679,"caption":"Balz and Rolf"},"image":{"@id":"https:\/\/nmc.1c7.myftpupload.com\/#\/schema\/logo\/image\/"}}]}},"_links":{"self":[{"href":"https:\/\/nmc.1c7.myftpupload.com\/en\/wp-json\/wp\/v2\/pages\/204","targetHints":{"allow":["GET"]}}],"collection":[{"href":"https:\/\/nmc.1c7.myftpupload.com\/en\/wp-json\/wp\/v2\/pages"}],"about":[{"href":"https:\/\/nmc.1c7.myftpupload.com\/en\/wp-json\/wp\/v2\/types\/page"}],"author":[{"embeddable":true,"href":"https:\/\/nmc.1c7.myftpupload.com\/en\/wp-json\/wp\/v2\/users\/1"}],"replies":[{"embeddable":true,"href":"https:\/\/nmc.1c7.myftpupload.com\/en\/wp-json\/wp\/v2\/comments?post=204"}],"version-history":[{"count":74,"href":"https:\/\/nmc.1c7.myftpupload.com\/en\/wp-json\/wp\/v2\/pages\/204\/revisions"}],"predecessor-version":[{"id":5185,"href":"https:\/\/nmc.1c7.myftpupload.com\/en\/wp-json\/wp\/v2\/pages\/204\/revisions\/5185"}],"wp:attachment":[{"href":"https:\/\/nmc.1c7.myftpupload.com\/en\/wp-json\/wp\/v2\/media?parent=204"}],"curies":[{"name":"wp","href":"https:\/\/api.w.org\/{rel}","templated":true}]}}