{"id":5009,"date":"2020-05-28T11:33:06","date_gmt":"2020-05-28T11:33:06","guid":{"rendered":"http:\/\/nmc.1c7.myftpupload.com\/?post_type=product&#038;p=5009"},"modified":"2020-05-28T11:35:39","modified_gmt":"2020-05-28T11:35:39","slug":"chloride","status":"publish","type":"product","link":"https:\/\/nmc.1c7.myftpupload.com\/en\/product\/chloride\/","title":{"rendered":"Chloride 100ml - Rehydrate &amp; Remineralise."},"content":{"rendered":"<div data-elementor-type=\"wp-post\" data-elementor-id=\"5009\" class=\"elementor elementor-5009\">\n\t\t\t\t\t\t<section class=\"elementor-section elementor-top-section elementor-element elementor-element-de911a9 elementor-section-boxed elementor-section-height-default elementor-section-height-default\" data-id=\"de911a9\" data-element_type=\"section\">\n\t\t\t\t\t\t<div class=\"elementor-container elementor-column-gap-default\">\n\t\t\t\t\t<div class=\"elementor-column elementor-col-100 elementor-top-column elementor-element elementor-element-1eedaaec\" data-id=\"1eedaaec\" data-element_type=\"column\">\n\t\t\t<div class=\"elementor-widget-wrap elementor-element-populated\">\n\t\t\t\t\t\t<div class=\"elementor-element elementor-element-c1e43b8 elementor-widget elementor-widget-toggle\" data-id=\"c1e43b8\" data-element_type=\"widget\" data-widget_type=\"toggle.default\">\n\t\t\t\t<div class=\"elementor-widget-container\">\n\t\t\t\t\t\t\t<div class=\"elementor-toggle\">\n\t\t\t\t\t\t\t<div class=\"elementor-toggle-item\">\n\t\t\t\t\t<div id=\"elementor-tab-title-2031\" class=\"elementor-tab-title\" data-tab=\"1\" role=\"button\" aria-controls=\"elementor-tab-content-2031\" aria-expanded=\"false\">\n\t\t\t\t\t\t\t\t\t\t\t\t<span class=\"elementor-toggle-icon elementor-toggle-icon-left\" aria-hidden=\"true\">\n\t\t\t\t\t\t\t\t\t\t\t\t\t\t\t<span class=\"elementor-toggle-icon-closed\"><i class=\"fas fa-caret-right\"><\/i><\/span>\n\t\t\t\t\t\t\t\t<span class=\"elementor-toggle-icon-opened\"><i class=\"elementor-toggle-icon-opened fas fa-caret-up\"><\/i><\/span>\n\t\t\t\t\t\t\t\t\t\t\t\t\t<\/span>\n\t\t\t\t\t\t\t\t\t\t\t\t<a class=\"elementor-toggle-title\" tabindex=\"0\">Unique minerals.<\/a>\n\t\t\t\t\t<\/div>\n\n\t\t\t\t\t<div id=\"elementor-tab-content-2031\" class=\"elementor-tab-content elementor-clearfix\" data-tab=\"1\" role=\"region\" aria-labelledby=\"elementor-tab-title-2031\"><p>Magnesium, potassium, sodium and calcium chloride, all of which are abundant in the human body, are involved in hundreds of essential biochemical reactions that ensure that the body functions well. They are among the most vital minerals and play a role in protein synthesis, cardiovascular health, immune defence and blood sugar balance.<\/p><\/div>\n\t\t\t\t<\/div>\n\t\t\t\t\t\t\t<div class=\"elementor-toggle-item\">\n\t\t\t\t\t<div id=\"elementor-tab-title-2032\" class=\"elementor-tab-title\" data-tab=\"2\" role=\"button\" aria-controls=\"elementor-tab-content-2032\" aria-expanded=\"false\">\n\t\t\t\t\t\t\t\t\t\t\t\t<span class=\"elementor-toggle-icon elementor-toggle-icon-left\" aria-hidden=\"true\">\n\t\t\t\t\t\t\t\t\t\t\t\t\t\t\t<span class=\"elementor-toggle-icon-closed\"><i class=\"fas fa-caret-right\"><\/i><\/span>\n\t\t\t\t\t\t\t\t<span class=\"elementor-toggle-icon-opened\"><i class=\"elementor-toggle-icon-opened fas fa-caret-up\"><\/i><\/span>\n\t\t\t\t\t\t\t\t\t\t\t\t\t<\/span>\n\t\t\t\t\t\t\t\t\t\t\t\t<a class=\"elementor-toggle-title\" tabindex=\"0\">Application<\/a>\n\t\t\t\t\t<\/div>\n\n\t\t\t\t\t<div id=\"elementor-tab-content-2032\" class=\"elementor-tab-content elementor-clearfix\" data-tab=\"2\" role=\"region\" aria-labelledby=\"elementor-tab-title-2032\"><p>10-30 drops of Magnease, dissolved in water or freshly squeezed juice, 1-2 times a day Or according to need. Take between meals for better absorption. Use in pure, non-fluoridated water.<\/p><\/div>\n\t\t\t\t<\/div>\n\t\t\t\t\t\t\t<div class=\"elementor-toggle-item\">\n\t\t\t\t\t<div id=\"elementor-tab-title-2033\" class=\"elementor-tab-title\" data-tab=\"3\" role=\"button\" aria-controls=\"elementor-tab-content-2033\" aria-expanded=\"false\">\n\t\t\t\t\t\t\t\t\t\t\t\t<span class=\"elementor-toggle-icon elementor-toggle-icon-left\" aria-hidden=\"true\">\n\t\t\t\t\t\t\t\t\t\t\t\t\t\t\t<span class=\"elementor-toggle-icon-closed\"><i class=\"fas fa-caret-right\"><\/i><\/span>\n\t\t\t\t\t\t\t\t<span class=\"elementor-toggle-icon-opened\"><i class=\"elementor-toggle-icon-opened fas fa-caret-up\"><\/i><\/span>\n\t\t\t\t\t\t\t\t\t\t\t\t\t<\/span>\n\t\t\t\t\t\t\t\t\t\t\t\t<a class=\"elementor-toggle-title\" tabindex=\"0\">Content<\/a>\n\t\t\t\t\t<\/div>\n\n\t\t\t\t\t<div id=\"elementor-tab-content-2033\" class=\"elementor-tab-content elementor-clearfix\" data-tab=\"3\" role=\"region\" aria-labelledby=\"elementor-tab-title-2033\"><p><img fetchpriority=\"high\" decoding=\"async\" class=\"alignnone wp-image-4929 size-full\" src=\"http:\/\/balzandrolf.com\/wp-content\/uploads\/2020\/05\/progurtchloride.png\" alt=\"\" width=\"754\" height=\"526\" srcset=\"https:\/\/nmc.1c7.myftpupload.com\/wp-content\/uploads\/2020\/05\/progurtchloride.png 754w, https:\/\/nmc.1c7.myftpupload.com\/wp-content\/uploads\/2020\/05\/progurtchloride-300x209.png 300w, https:\/\/nmc.1c7.myftpupload.com\/wp-content\/uploads\/2020\/05\/progurtchloride-400x279.png 400w, https:\/\/nmc.1c7.myftpupload.com\/wp-content\/uploads\/2020\/05\/progurtchloride-600x419.png 600w\" sizes=\"(max-width: 754px) 100vw, 754px\" \/><\/p><\/div>\n\t\t\t\t<\/div>\n\t\t\t\t\t\t\t\t<\/div>\n\t\t\t\t\t\t<\/div>\n\t\t\t\t<\/div>\n\t\t\t\t\t<\/div>\n\t\t<\/div>\n\t\t\t\t\t<\/div>\n\t\t<\/section>\n\t\t\t\t<\/div>","protected":false},"excerpt":{"rendered":"<p>Rehydrate &amp; Remineralise.<\/p>","protected":false},"featured_media":4927,"comment_status":"open","ping_status":"closed","template":"","meta":{"_coblocks_attr":"","_coblocks_dimensions":"","_coblocks_responsive_height":"","_coblocks_accordion_ie_support":""},"class_list":{"0":"post-5009","1":"product","2":"type-product","3":"status-publish","4":"has-post-thumbnail","6":"product_cat-health-supplements","7":"product_tag-progurt","9":"first","10":"instock","11":"shipping-taxable","12":"purchasable","13":"product-type-simple"},"yoast_head":"<!-- This site is optimized with the Yoast SEO plugin v19.6.1 - https:\/\/yoast.com\/wordpress\/plugins\/seo\/ -->\n<title>Chloride 100ml - Rehydrate &amp; Remineralise. - Balz and Rolf<\/title>\n<meta name=\"description\" content=\"Magnesium-, Kalium-, Natrium- und Kalziumchlorid, allesamt reichlich im menschlichen K\u00f6rper vorhanden, sind an Hunderten von essenziellen biochemischen Reaktionen beteiligt, die daf\u00fcr sorgen, dass der K\u00f6rper gut funktioniert. Sie geh\u00f6ren zu den lebenswichtigsten Mineralien und spielen eine Rolle bei der Proteinsynthese, der Herz-Kreislauf-Gesundheit, der Immunabwehr und dem Blutzuckerhaushalt.\" \/>\n<meta name=\"robots\" content=\"noindex, follow, max-snippet:-1, max-image-preview:large, max-video-preview:-1\" \/>\n<meta property=\"og:locale\" content=\"en_GB\" \/>\n<meta property=\"og:type\" content=\"article\" \/>\n<meta property=\"og:title\" content=\"Chloride 100ml - Rehydrate &amp; Remineralise. - Balz and Rolf\" \/>\n<meta property=\"og:description\" content=\"Magnesium-, Kalium-, Natrium- und Kalziumchlorid, allesamt reichlich im menschlichen K\u00f6rper vorhanden, sind an Hunderten von essenziellen biochemischen Reaktionen beteiligt, die daf\u00fcr sorgen, dass der K\u00f6rper gut funktioniert. Sie geh\u00f6ren zu den lebenswichtigsten Mineralien und spielen eine Rolle bei der Proteinsynthese, der Herz-Kreislauf-Gesundheit, der Immunabwehr und dem Blutzuckerhaushalt.\" \/>\n<meta property=\"og:url\" content=\"https:\/\/nmc.1c7.myftpupload.com\/en\/product\/chloride\/\" \/>\n<meta property=\"og:site_name\" content=\"Balz and Rolf\" \/>\n<meta property=\"article:modified_time\" content=\"2020-05-28T11:35:39+00:00\" \/>\n<meta property=\"og:image\" content=\"https:\/\/nmc.1c7.myftpupload.com\/wp-content\/uploads\/2020\/05\/Progurt_Chloride-1.jpg\" \/>\n\t<meta property=\"og:image:width\" content=\"1500\" \/>\n\t<meta property=\"og:image:height\" content=\"1500\" \/>\n\t<meta property=\"og:image:type\" content=\"image\/jpeg\" \/>\n<meta name=\"twitter:card\" content=\"summary_large_image\" \/>\n<script type=\"application\/ld+json\" class=\"yoast-schema-graph\">{\"@context\":\"https:\/\/schema.org\",\"@graph\":[{\"@type\":\"WebPage\",\"@id\":\"https:\/\/nmc.1c7.myftpupload.com\/fr\/product\/chloride\/\",\"url\":\"https:\/\/nmc.1c7.myftpupload.com\/fr\/product\/chloride\/\",\"name\":\"Chloride 100ml - Rehydrate & Remineralise. - Balz and Rolf\",\"isPartOf\":{\"@id\":\"https:\/\/nmc.1c7.myftpupload.com\/#website\"},\"datePublished\":\"2020-05-28T11:33:06+00:00\",\"dateModified\":\"2020-05-28T11:35:39+00:00\",\"description\":\"Magnesium-, Kalium-, Natrium- und Kalziumchlorid, allesamt reichlich im menschlichen K\u00f6rper vorhanden, sind an Hunderten von essenziellen biochemischen Reaktionen beteiligt, die daf\u00fcr sorgen, dass der K\u00f6rper gut funktioniert. Sie geh\u00f6ren zu den lebenswichtigsten Mineralien und spielen eine Rolle bei der Proteinsynthese, der Herz-Kreislauf-Gesundheit, der Immunabwehr und dem Blutzuckerhaushalt.\",\"breadcrumb\":{\"@id\":\"https:\/\/nmc.1c7.myftpupload.com\/fr\/product\/chloride\/#breadcrumb\"},\"inLanguage\":\"en-GB\",\"potentialAction\":[{\"@type\":\"ReadAction\",\"target\":[\"https:\/\/nmc.1c7.myftpupload.com\/fr\/product\/chloride\/\"]}]},{\"@type\":\"BreadcrumbList\",\"@id\":\"https:\/\/nmc.1c7.myftpupload.com\/fr\/product\/chloride\/#breadcrumb\",\"itemListElement\":[{\"@type\":\"ListItem\",\"position\":1,\"name\":\"Home\",\"item\":\"https:\/\/nmc.1c7.myftpupload.com\/\"},{\"@type\":\"ListItem\",\"position\":2,\"name\":\"Shop\",\"item\":\"https:\/\/nmc.1c7.myftpupload.com\/en\/shop\/\"},{\"@type\":\"ListItem\",\"position\":3,\"name\":\"Chloride 100ml &#8211; Rehydrate &#038; Remineralise.\"}]},{\"@type\":\"WebSite\",\"@id\":\"https:\/\/nmc.1c7.myftpupload.com\/#website\",\"url\":\"https:\/\/nmc.1c7.myftpupload.com\/\",\"name\":\"Balz and Rolf\",\"description\":\"Vertrauensw\u00fcrdiger Schweizer Marktplatz f\u00fcr Gesundheitsprodukte\",\"publisher\":{\"@id\":\"https:\/\/nmc.1c7.myftpupload.com\/#organization\"},\"potentialAction\":[{\"@type\":\"SearchAction\",\"target\":{\"@type\":\"EntryPoint\",\"urlTemplate\":\"https:\/\/nmc.1c7.myftpupload.com\/?s={search_term_string}\"},\"query-input\":\"required name=search_term_string\"}],\"inLanguage\":\"en-GB\"},{\"@type\":\"Organization\",\"@id\":\"https:\/\/nmc.1c7.myftpupload.com\/#organization\",\"name\":\"Balz and Rolf\",\"url\":\"https:\/\/nmc.1c7.myftpupload.com\/\",\"sameAs\":[],\"logo\":{\"@type\":\"ImageObject\",\"inLanguage\":\"en-GB\",\"@id\":\"https:\/\/nmc.1c7.myftpupload.com\/#\/schema\/logo\/image\/\",\"url\":\"https:\/\/nmc.1c7.myftpupload.com\/wp-content\/uploads\/2020\/05\/cropped-balzandrolflogo.png\",\"contentUrl\":\"https:\/\/nmc.1c7.myftpupload.com\/wp-content\/uploads\/2020\/05\/cropped-balzandrolflogo.png\",\"width\":787,\"height\":679,\"caption\":\"Balz and Rolf\"},\"image\":{\"@id\":\"https:\/\/nmc.1c7.myftpupload.com\/#\/schema\/logo\/image\/\"}}]}<\/script>\n<!-- \/ Yoast SEO plugin. -->","yoast_head_json":{"title":"Chloride 100ml - Rehydrate &amp; Remineralise. - courtship display and Rolf","description":"Magnesium, potassium, sodium and calcium chloride, all of which are abundant in the human body, are involved in hundreds of essential biochemical reactions that ensure that the body functions well. They are among the most vital minerals and play a role in protein synthesis, cardiovascular health, immune defence and blood sugar balance.","robots":{"index":"noindex","follow":"follow","max-snippet":"max-snippet:-1","max-image-preview":"max-image-preview:large","max-video-preview":"max-video-preview:-1"},"og_locale":"en_GB","og_type":"article","og_title":"Chloride 100ml - Rehydrate & Remineralise. - Balz and Rolf","og_description":"Magnesium-, Kalium-, Natrium- und Kalziumchlorid, allesamt reichlich im menschlichen K\u00f6rper vorhanden, sind an Hunderten von essenziellen biochemischen Reaktionen beteiligt, die daf\u00fcr sorgen, dass der K\u00f6rper gut funktioniert. Sie geh\u00f6ren zu den lebenswichtigsten Mineralien und spielen eine Rolle bei der Proteinsynthese, der Herz-Kreislauf-Gesundheit, der Immunabwehr und dem Blutzuckerhaushalt.","og_url":"https:\/\/nmc.1c7.myftpupload.com\/en\/product\/chloride\/","og_site_name":"Balz and Rolf","article_modified_time":"2020-05-28T11:35:39+00:00","og_image":[{"width":1500,"height":1500,"url":"https:\/\/nmc.1c7.myftpupload.com\/wp-content\/uploads\/2020\/05\/Progurt_Chloride-1.jpg","type":"image\/jpeg"}],"twitter_card":"summary_large_image","schema":{"@context":"https:\/\/schema.org","@graph":[{"@type":"WebPage","@id":"https:\/\/nmc.1c7.myftpupload.com\/fr\/product\/chloride\/","url":"https:\/\/nmc.1c7.myftpupload.com\/fr\/product\/chloride\/","name":"Chloride 100ml - Rehydrate &amp; Remineralise. - courtship display and Rolf","isPartOf":{"@id":"https:\/\/nmc.1c7.myftpupload.com\/#website"},"datePublished":"2020-05-28T11:33:06+00:00","dateModified":"2020-05-28T11:35:39+00:00","description":"Magnesium, potassium, sodium and calcium chloride, all of which are abundant in the human body, are involved in hundreds of essential biochemical reactions that ensure that the body functions well. They are among the most vital minerals and play a role in protein synthesis, cardiovascular health, immune defence and blood sugar balance.","breadcrumb":{"@id":"https:\/\/nmc.1c7.myftpupload.com\/fr\/product\/chloride\/#breadcrumb"},"inLanguage":"en-GB","potentialAction":[{"@type":"ReadAction","target":["https:\/\/nmc.1c7.myftpupload.com\/fr\/product\/chloride\/"]}]},{"@type":"BreadcrumbList","@id":"https:\/\/nmc.1c7.myftpupload.com\/fr\/product\/chloride\/#breadcrumb","itemListElement":[{"@type":"ListItem","position":1,"name":"Home","item":"https:\/\/nmc.1c7.myftpupload.com\/"},{"@type":"ListItem","position":2,"name":"Shop","item":"https:\/\/nmc.1c7.myftpupload.com\/en\/shop\/"},{"@type":"ListItem","position":3,"name":"Chloride 100ml &#8211; Rehydrate &#038; Remineralise."}]},{"@type":"WebSite","@id":"https:\/\/nmc.1c7.myftpupload.com\/#website","url":"https:\/\/nmc.1c7.myftpupload.com\/","name":"courtship display","description":"Vertrauensw\u00fcrdiger Schweizer Marktplatz f\u00fcr Gesundheitsprodukte","publisher":{"@id":"https:\/\/nmc.1c7.myftpupload.com\/#organization"},"potentialAction":[{"@type":"SearchAction","target":{"@type":"EntryPoint","urlTemplate":"https:\/\/nmc.1c7.myftpupload.com\/?s={search_term_string}"},"query-input":"required name=search_term_string"}],"inLanguage":"en-GB"},{"@type":"Organization","@id":"https:\/\/nmc.1c7.myftpupload.com\/#organization","name":"courtship display","url":"https:\/\/nmc.1c7.myftpupload.com\/","sameAs":[],"logo":{"@type":"ImageObject","inLanguage":"en-GB","@id":"https:\/\/nmc.1c7.myftpupload.com\/#\/schema\/logo\/image\/","url":"https:\/\/nmc.1c7.myftpupload.com\/wp-content\/uploads\/2020\/05\/cropped-balzandrolflogo.png","contentUrl":"https:\/\/nmc.1c7.myftpupload.com\/wp-content\/uploads\/2020\/05\/cropped-balzandrolflogo.png","width":787,"height":679,"caption":"Balz and Rolf"},"image":{"@id":"https:\/\/nmc.1c7.myftpupload.com\/#\/schema\/logo\/image\/"}}]}},"_links":{"self":[{"href":"https:\/\/nmc.1c7.myftpupload.com\/en\/wp-json\/wp\/v2\/product\/5009","targetHints":{"allow":["GET"]}}],"collection":[{"href":"https:\/\/nmc.1c7.myftpupload.com\/en\/wp-json\/wp\/v2\/product"}],"about":[{"href":"https:\/\/nmc.1c7.myftpupload.com\/en\/wp-json\/wp\/v2\/types\/product"}],"replies":[{"embeddable":true,"href":"https:\/\/nmc.1c7.myftpupload.com\/en\/wp-json\/wp\/v2\/comments?post=5009"}],"version-history":[{"count":1,"href":"https:\/\/nmc.1c7.myftpupload.com\/en\/wp-json\/wp\/v2\/product\/5009\/revisions"}],"predecessor-version":[{"id":5010,"href":"https:\/\/nmc.1c7.myftpupload.com\/en\/wp-json\/wp\/v2\/product\/5009\/revisions\/5010"}],"wp:featuredmedia":[{"embeddable":true,"href":"https:\/\/nmc.1c7.myftpupload.com\/en\/wp-json\/wp\/v2\/media\/4927"}],"wp:attachment":[{"href":"https:\/\/nmc.1c7.myftpupload.com\/en\/wp-json\/wp\/v2\/media?parent=5009"}],"curies":[{"name":"wp","href":"https:\/\/api.w.org\/{rel}","templated":true}]}}