{"id":12,"date":"2018-09-10T02:24:42","date_gmt":"2018-09-10T02:24:42","guid":{"rendered":"http:\/\/source.wpopal.com\/auros\/?page_id=12"},"modified":"2018-09-10T02:24:42","modified_gmt":"2018-09-10T02:24:42","slug":"faq","status":"publish","type":"page","link":"https:\/\/nmc.1c7.myftpupload.com\/fr\/faq\/","title":{"rendered":"FAQ"},"content":{"rendered":"<div data-elementor-type=\"wp-post\" data-elementor-id=\"12\" class=\"elementor elementor-12 elementor-bc-flex-widget\">\n\t\t\t\t\t\t<section class=\"elementor-section elementor-top-section elementor-element elementor-element-bba43ed elementor-section-boxed elementor-section-height-default elementor-section-height-default\" data-id=\"bba43ed\" data-element_type=\"section\">\n\t\t\t\t\t\t<div class=\"elementor-container elementor-column-gap-no\">\n\t\t\t\t\t<div class=\"elementor-column elementor-col-100 elementor-top-column elementor-element elementor-element-e1d0703 animated-fast elementor-invisible\" data-id=\"e1d0703\" data-element_type=\"column\" data-settings=\"{&quot;animation&quot;:&quot;opal-move-up&quot;}\">\n\t\t\t<div class=\"elementor-widget-wrap elementor-element-populated\">\n\t\t\t\t\t\t<div class=\"elementor-element elementor-element-b4dbf8e elementor-widget elementor-widget-accordion\" data-id=\"b4dbf8e\" data-element_type=\"widget\" data-widget_type=\"accordion.default\">\n\t\t\t\t<div class=\"elementor-widget-container\">\n\t\t\t\t\t\t\t<div class=\"elementor-accordion\">\n\t\t\t\t\t\t\t<div class=\"elementor-accordion-item\">\n\t\t\t\t\t<div id=\"elementor-tab-title-1891\" class=\"elementor-tab-title\" data-tab=\"1\" role=\"button\" aria-controls=\"elementor-tab-content-1891\" aria-expanded=\"false\">\n\t\t\t\t\t\t\t\t\t\t\t\t\t<span class=\"elementor-accordion-icon elementor-accordion-icon-left\" aria-hidden=\"true\">\n\t\t\t\t\t\t\t\t\t\t\t\t\t\t\t<span class=\"elementor-accordion-icon-closed\"><i class=\"fas fa-plus\"><\/i><\/span>\n\t\t\t\t\t\t\t\t<span class=\"elementor-accordion-icon-opened\"><i class=\"fas fa-minus\"><\/i><\/span>\n\t\t\t\t\t\t\t\t\t\t\t\t\t\t<\/span>\n\t\t\t\t\t\t\t\t\t\t\t\t<a class=\"elementor-accordion-title\" tabindex=\"0\">Comment faire des achats en ligne avec Auros ?<\/a>\n\t\t\t\t\t<\/div>\n\t\t\t\t\t<div id=\"elementor-tab-content-1891\" class=\"elementor-tab-content elementor-clearfix\" data-tab=\"1\" role=\"region\" aria-labelledby=\"elementor-tab-title-1891\"><p><span style=\"font-size: 16px; font-weight: bold; color: #222222;\">Ajoutez des objets \u00e0 votre sac :<\/span><\/p><ol><li>Assurez-vous que vous \u00eates sur le site web.<\/li><li>Parcourez les cat\u00e9gories dans la barre de navigation sup\u00e9rieure qui comprend les cat\u00e9gories Nouveaut\u00e9s, V\u00eatements, Sacs et accessoires, Chaussures, Collections, Magasins et Soldes.<\/li><li>Une fois que vous avez trouv\u00e9 un article \u00e0 acheter, s\u00e9lectionnez la couleur, la taille (le cas \u00e9ch\u00e9ant) et la quantit\u00e9 que vous souhaitez acheter, puis cliquez simplement sur \"Ajouter au panier\".<\/li><li>Vous pouvez ensuite poursuivre vos achats ou cliquer sur \"CHECKOUT\" pour examiner les articles dans votre sac et finaliser votre commande.<\/li><\/ol><p><span style=\"font-size: 16px; font-weight: bold; color: #222222;\">Proc\u00e9der \u00e0 l'achat d'articles :<\/span><\/p><ol><li>Une fois que vous avez fini de naviguer et que vous avez ajout\u00e9 les articles que vous souhaitez acheter \u00e0 votre sac, cliquez sur<br \/>le bouton \"CHECKOUT\" situ\u00e9 en haut \u00e0 droite du site.<\/li><li>Dans la caisse, vous pouvez \u00e9galement modifier la quantit\u00e9 s\u00e9lectionn\u00e9e pour chaque article ou supprimer les articles non d\u00e9sir\u00e9s<br \/>en cliquant simplement sur le bouton \"EDIT\" qui se trouve \u00e0 droite dans l'aper\u00e7u de l'ordre<br \/>de la caisse. Vos modifications seront mises \u00e0 jour et vous permettront de proc\u00e9der \u00e0 la<br \/>processus de paiement.<\/li><\/ol><\/div>\n\t\t\t\t<\/div>\n\t\t\t\t\t\t\t<div class=\"elementor-accordion-item\">\n\t\t\t\t\t<div id=\"elementor-tab-title-1892\" class=\"elementor-tab-title\" data-tab=\"2\" role=\"button\" aria-controls=\"elementor-tab-content-1892\" aria-expanded=\"false\">\n\t\t\t\t\t\t\t\t\t\t\t\t\t<span class=\"elementor-accordion-icon elementor-accordion-icon-left\" aria-hidden=\"true\">\n\t\t\t\t\t\t\t\t\t\t\t\t\t\t\t<span class=\"elementor-accordion-icon-closed\"><i class=\"fas fa-plus\"><\/i><\/span>\n\t\t\t\t\t\t\t\t<span class=\"elementor-accordion-icon-opened\"><i class=\"fas fa-minus\"><\/i><\/span>\n\t\t\t\t\t\t\t\t\t\t\t\t\t\t<\/span>\n\t\t\t\t\t\t\t\t\t\t\t\t<a class=\"elementor-accordion-title\" tabindex=\"0\">informations sur la livraison<\/a>\n\t\t\t\t\t<\/div>\n\t\t\t\t\t<div id=\"elementor-tab-content-1892\" class=\"elementor-tab-content elementor-clearfix\" data-tab=\"2\" role=\"region\" aria-labelledby=\"elementor-tab-title-1892\"><p>Une merveilleuse s\u00e9r\u00e9nit\u00e9 a pris possession de toute mon \u00e2me, comme ces doux matins de printemps dont je profite de tout mon c\u0153ur. Je suis seul, et je ressens le charme de l'existence dans cet endroit, qui a \u00e9t\u00e9 cr\u00e9\u00e9 pour la b\u00e9atitude d'\u00e2mes comme la mienne. Je suis si heureux, mon cher ami, si absorb\u00e9 dans le sens exquis d'une simple existence tranquille, que je n\u00e9glige mes talents. Je devrais \u00eatre incapable de dessiner un seul trait \u00e0 l'heure actuelle ; et pourtant j'ai l'impression de n'avoir jamais \u00e9t\u00e9 un plus grand artiste que maintenant.<\/p><\/div>\n\t\t\t\t<\/div>\n\t\t\t\t\t\t\t\t<\/div>\n\t\t\t\t\t\t<\/div>\n\t\t\t\t<\/div>\n\t\t\t\t\t<\/div>\n\t\t<\/div>\n\t\t\t\t\t<\/div>\n\t\t<\/section>\n\t\t\t\t<\/div>","protected":false},"excerpt":{"rendered":"<p>How to shopping with Auros online? Add items to your bag: Ensure you are on the website. Browse the categories across the top navigation bar which includes New In, Clothing, Bags &amp; Accessories, Shoes, Collections, Stores, and Sale. Once you have found an item to purchase, select your preferred colour, size (if applicable) and the &hellip; <\/p>\n<p class=\"link-more\"><a href=\"https:\/\/nmc.1c7.myftpupload.com\/fr\/faq\/\" class=\"more-link\">Read More <span class=\"screen-reader-text\"> &#171;FAQ&#187;<\/span><\/a><\/p>","protected":false},"author":1,"featured_media":0,"parent":0,"menu_order":0,"comment_status":"closed","ping_status":"closed","template":"","meta":{"_coblocks_attr":"","_coblocks_dimensions":"","_coblocks_responsive_height":"","_coblocks_accordion_ie_support":"","footnotes":""},"class_list":["post-12","page","type-page","status-publish","hentry"],"yoast_head":"<!-- This site is optimized with the Yoast SEO plugin v19.6.1 - https:\/\/yoast.com\/wordpress\/plugins\/seo\/ -->\n<title>FAQ - Balz and Rolf<\/title>\n<meta name=\"robots\" content=\"noindex, follow, max-snippet:-1, max-image-preview:large, max-video-preview:-1\" \/>\n<meta property=\"og:locale\" content=\"fr_FR\" \/>\n<meta property=\"og:type\" content=\"article\" \/>\n<meta property=\"og:title\" content=\"FAQ - Balz and Rolf\" \/>\n<meta property=\"og:description\" content=\"How to shopping with Auros online? Add items to your bag: Ensure you are on the website. Browse the categories across the top navigation bar which includes New In, Clothing, Bags &amp; Accessories, Shoes, Collections, Stores, and Sale. Once you have found an item to purchase, select your preferred colour, size (if applicable) and the &hellip; Read More &quot;FAQ&quot;\" \/>\n<meta property=\"og:url\" content=\"https:\/\/nmc.1c7.myftpupload.com\/fr\/faq\/\" \/>\n<meta property=\"og:site_name\" content=\"Balz and Rolf\" \/>\n<meta name=\"twitter:card\" content=\"summary_large_image\" \/>\n<meta name=\"twitter:label1\" content=\"Dur\u00e9e de lecture estim\u00e9e\" \/>\n\t<meta name=\"twitter:data1\" content=\"1 minute\" \/>\n<script type=\"application\/ld+json\" class=\"yoast-schema-graph\">{\"@context\":\"https:\/\/schema.org\",\"@graph\":[{\"@type\":\"WebPage\",\"@id\":\"https:\/\/nmc.1c7.myftpupload.com\/en\/faq\/\",\"url\":\"https:\/\/nmc.1c7.myftpupload.com\/en\/faq\/\",\"name\":\"FAQ - Balz and Rolf\",\"isPartOf\":{\"@id\":\"https:\/\/nmc.1c7.myftpupload.com\/#website\"},\"datePublished\":\"2018-09-10T02:24:42+00:00\",\"dateModified\":\"2018-09-10T02:24:42+00:00\",\"breadcrumb\":{\"@id\":\"https:\/\/nmc.1c7.myftpupload.com\/en\/faq\/#breadcrumb\"},\"inLanguage\":\"fr-FR\",\"potentialAction\":[{\"@type\":\"ReadAction\",\"target\":[\"https:\/\/nmc.1c7.myftpupload.com\/en\/faq\/\"]}]},{\"@type\":\"BreadcrumbList\",\"@id\":\"https:\/\/nmc.1c7.myftpupload.com\/en\/faq\/#breadcrumb\",\"itemListElement\":[{\"@type\":\"ListItem\",\"position\":1,\"name\":\"Home\",\"item\":\"https:\/\/nmc.1c7.myftpupload.com\/\"},{\"@type\":\"ListItem\",\"position\":2,\"name\":\"FAQ\"}]},{\"@type\":\"WebSite\",\"@id\":\"https:\/\/nmc.1c7.myftpupload.com\/#website\",\"url\":\"https:\/\/nmc.1c7.myftpupload.com\/\",\"name\":\"Balz and Rolf\",\"description\":\"Vertrauensw\u00fcrdiger Schweizer Marktplatz f\u00fcr Gesundheitsprodukte\",\"publisher\":{\"@id\":\"https:\/\/nmc.1c7.myftpupload.com\/#organization\"},\"potentialAction\":[{\"@type\":\"SearchAction\",\"target\":{\"@type\":\"EntryPoint\",\"urlTemplate\":\"https:\/\/nmc.1c7.myftpupload.com\/?s={search_term_string}\"},\"query-input\":\"required name=search_term_string\"}],\"inLanguage\":\"fr-FR\"},{\"@type\":\"Organization\",\"@id\":\"https:\/\/nmc.1c7.myftpupload.com\/#organization\",\"name\":\"Balz and Rolf\",\"url\":\"https:\/\/nmc.1c7.myftpupload.com\/\",\"sameAs\":[],\"logo\":{\"@type\":\"ImageObject\",\"inLanguage\":\"fr-FR\",\"@id\":\"https:\/\/nmc.1c7.myftpupload.com\/#\/schema\/logo\/image\/\",\"url\":\"https:\/\/nmc.1c7.myftpupload.com\/wp-content\/uploads\/2020\/05\/cropped-balzandrolflogo.png\",\"contentUrl\":\"https:\/\/nmc.1c7.myftpupload.com\/wp-content\/uploads\/2020\/05\/cropped-balzandrolflogo.png\",\"width\":787,\"height\":679,\"caption\":\"Balz and Rolf\"},\"image\":{\"@id\":\"https:\/\/nmc.1c7.myftpupload.com\/#\/schema\/logo\/image\/\"}}]}<\/script>\n<!-- \/ Yoast SEO plugin. -->","yoast_head_json":{"title":"FAQ - L'affichage de la cour et Rolf","robots":{"index":"noindex","follow":"follow","max-snippet":"max-snippet:-1","max-image-preview":"max-image-preview:large","max-video-preview":"max-video-preview:-1"},"og_locale":"fr_FR","og_type":"article","og_title":"FAQ - Balz and Rolf","og_description":"How to shopping with Auros online? Add items to your bag: Ensure you are on the website. Browse the categories across the top navigation bar which includes New In, Clothing, Bags &amp; Accessories, Shoes, Collections, Stores, and Sale. Once you have found an item to purchase, select your preferred colour, size (if applicable) and the &hellip; Read More \"FAQ\"","og_url":"https:\/\/nmc.1c7.myftpupload.com\/fr\/faq\/","og_site_name":"Balz and Rolf","twitter_card":"summary_large_image","twitter_misc":{"Dur\u00e9e de lecture estim\u00e9e":"1 minute"},"schema":{"@context":"https:\/\/schema.org","@graph":[{"@type":"WebPage","@id":"https:\/\/nmc.1c7.myftpupload.com\/en\/faq\/","url":"https:\/\/nmc.1c7.myftpupload.com\/en\/faq\/","name":"FAQ - L'affichage de la cour et Rolf","isPartOf":{"@id":"https:\/\/nmc.1c7.myftpupload.com\/#website"},"datePublished":"2018-09-10T02:24:42+00:00","dateModified":"2018-09-10T02:24:42+00:00","breadcrumb":{"@id":"https:\/\/nmc.1c7.myftpupload.com\/en\/faq\/#breadcrumb"},"inLanguage":"fr-FR","potentialAction":[{"@type":"ReadAction","target":["https:\/\/nmc.1c7.myftpupload.com\/en\/faq\/"]}]},{"@type":"BreadcrumbList","@id":"https:\/\/nmc.1c7.myftpupload.com\/en\/faq\/#breadcrumb","itemListElement":[{"@type":"ListItem","position":1,"name":"Home","item":"https:\/\/nmc.1c7.myftpupload.com\/"},{"@type":"ListItem","position":2,"name":"FAQ"}]},{"@type":"WebSite","@id":"https:\/\/nmc.1c7.myftpupload.com\/#website","url":"https:\/\/nmc.1c7.myftpupload.com\/","name":"affichage de la cour","description":"Vertrauensw\u00fcrdiger Schweizer Marktplatz f\u00fcr Gesundheitsprodukte","publisher":{"@id":"https:\/\/nmc.1c7.myftpupload.com\/#organization"},"potentialAction":[{"@type":"SearchAction","target":{"@type":"EntryPoint","urlTemplate":"https:\/\/nmc.1c7.myftpupload.com\/?s={search_term_string}"},"query-input":"required name=search_term_string"}],"inLanguage":"fr-FR"},{"@type":"Organization","@id":"https:\/\/nmc.1c7.myftpupload.com\/#organization","name":"affichage de la cour","url":"https:\/\/nmc.1c7.myftpupload.com\/","sameAs":[],"logo":{"@type":"ImageObject","inLanguage":"fr-FR","@id":"https:\/\/nmc.1c7.myftpupload.com\/#\/schema\/logo\/image\/","url":"https:\/\/nmc.1c7.myftpupload.com\/wp-content\/uploads\/2020\/05\/cropped-balzandrolflogo.png","contentUrl":"https:\/\/nmc.1c7.myftpupload.com\/wp-content\/uploads\/2020\/05\/cropped-balzandrolflogo.png","width":787,"height":679,"caption":"Balz and Rolf"},"image":{"@id":"https:\/\/nmc.1c7.myftpupload.com\/#\/schema\/logo\/image\/"}}]}},"_links":{"self":[{"href":"https:\/\/nmc.1c7.myftpupload.com\/fr\/wp-json\/wp\/v2\/pages\/12","targetHints":{"allow":["GET"]}}],"collection":[{"href":"https:\/\/nmc.1c7.myftpupload.com\/fr\/wp-json\/wp\/v2\/pages"}],"about":[{"href":"https:\/\/nmc.1c7.myftpupload.com\/fr\/wp-json\/wp\/v2\/types\/page"}],"author":[{"embeddable":true,"href":"https:\/\/nmc.1c7.myftpupload.com\/fr\/wp-json\/wp\/v2\/users\/1"}],"replies":[{"embeddable":true,"href":"https:\/\/nmc.1c7.myftpupload.com\/fr\/wp-json\/wp\/v2\/comments?post=12"}],"version-history":[{"count":0,"href":"https:\/\/nmc.1c7.myftpupload.com\/fr\/wp-json\/wp\/v2\/pages\/12\/revisions"}],"wp:attachment":[{"href":"https:\/\/nmc.1c7.myftpupload.com\/fr\/wp-json\/wp\/v2\/media?parent=12"}],"curies":[{"name":"wp","href":"https:\/\/api.w.org\/{rel}","templated":true}]}}