{"id":13,"date":"2018-09-10T02:56:22","date_gmt":"2018-09-10T02:56:22","guid":{"rendered":"http:\/\/source.wpopal.com\/auros\/?page_id=13"},"modified":"2020-07-02T12:53:32","modified_gmt":"2020-07-02T12:53:32","slug":"uber-uns","status":"publish","type":"page","link":"https:\/\/nmc.1c7.myftpupload.com\/fr\/uber-uns\/","title":{"rendered":"\u00c0 propos de nous"},"content":{"rendered":"<div data-elementor-type=\"wp-post\" data-elementor-id=\"13\" class=\"elementor elementor-13\">\n\t\t\t\t\t\t<section class=\"elementor-section elementor-top-section elementor-element elementor-element-67b8099 elementor-section-boxed elementor-section-height-default elementor-section-height-default\" data-id=\"67b8099\" data-element_type=\"section\">\n\t\t\t\t\t\t<div class=\"elementor-container elementor-column-gap-default\">\n\t\t\t\t\t<div class=\"elementor-column elementor-col-100 elementor-top-column elementor-element elementor-element-4e0b897\" data-id=\"4e0b897\" data-element_type=\"column\">\n\t\t\t<div class=\"elementor-widget-wrap elementor-element-populated\">\n\t\t\t\t\t\t<div class=\"elementor-element elementor-element-b19034e elementor-invisible elementor-widget elementor-widget-heading\" data-id=\"b19034e\" data-element_type=\"widget\" data-settings=\"{&quot;_animation&quot;:&quot;fadeInUp&quot;}\" data-widget_type=\"heading.default\">\n\t\t\t\t<div class=\"elementor-widget-container\">\n\t\t\t\t\t<h2 class=\"elementor-heading-title elementor-size-default\">Balz &amp; Rolf - Le magasin \"no-nonsense\" en Suisse<\/h2>\t\t\t\t<\/div>\n\t\t\t\t<\/div>\n\t\t\t\t<div class=\"elementor-element elementor-element-744f424 elementor-invisible elementor-widget elementor-widget-text-editor\" data-id=\"744f424\" data-element_type=\"widget\" data-settings=\"{&quot;_animation&quot;:&quot;fadeInUp&quot;}\" data-widget_type=\"text-editor.default\">\n\t\t\t\t<div class=\"elementor-widget-container\">\n\t\t\t\t\t\t\t\t\t<p>Balz &amp; Rolf propose une s\u00e9lection de produits de la meilleure qualit\u00e9. Notre mission est d'offrir une gamme unique de produits de sant\u00e9 qui incitent les gens \u00e0 mener un mode de vie sain et actif. Nous contr\u00f4lons chaque produit jusqu'\u00e0 son emballage pour nous assurer que nous livrons toujours la meilleure qualit\u00e9.<\/p><p>Notre gamme de produits est fabriqu\u00e9e et import\u00e9e du monde entier. Qu'ils proviennent du Danemark ou du Japon, certains de ces produits n'ont jamais \u00e9t\u00e9 propos\u00e9s en Suisse auparavant.\u00a0<\/p><p>Nous sommes heureux de vous aider. Si vous avez des questions sur un produit ou une commande, vous pouvez nous contacter \u00e0 l'adresse info@balzandrolf.ch.<\/p>\t\t\t\t\t\t\t\t<\/div>\n\t\t\t\t<\/div>\n\t\t\t\t\t<\/div>\n\t\t<\/div>\n\t\t\t\t\t<\/div>\n\t\t<\/section>\n\t\t\t\t<section class=\"elementor-section elementor-top-section elementor-element elementor-element-b225e54 elementor-section-boxed elementor-section-height-default elementor-section-height-default\" data-id=\"b225e54\" data-element_type=\"section\">\n\t\t\t\t\t\t<div class=\"elementor-container elementor-column-gap-default\">\n\t\t\t\t\t<div class=\"elementor-column elementor-col-100 elementor-top-column elementor-element elementor-element-ca42837\" data-id=\"ca42837\" data-element_type=\"column\">\n\t\t\t<div class=\"elementor-widget-wrap elementor-element-populated\">\n\t\t\t\t\t\t<div class=\"elementor-element elementor-element-0312e00 animated-fast elementor-invisible elementor-widget elementor-widget-heading\" data-id=\"0312e00\" data-element_type=\"widget\" data-settings=\"{&quot;_animation&quot;:&quot;opal-move-up&quot;}\" data-widget_type=\"heading.default\">\n\t\t\t\t<div class=\"elementor-widget-container\">\n\t\t\t\t\t<h2 class=\"elementor-heading-title elementor-size-default\">Pourquoi avec nous ?<\/h2>\t\t\t\t<\/div>\n\t\t\t\t<\/div>\n\t\t\t\t<section class=\"elementor-section elementor-inner-section elementor-element elementor-element-a6731d5 elementor-section-boxed elementor-section-height-default elementor-section-height-default\" data-id=\"a6731d5\" data-element_type=\"section\">\n\t\t\t\t\t\t<div class=\"elementor-container elementor-column-gap-default\">\n\t\t\t\t\t<div class=\"elementor-column elementor-col-33 elementor-inner-column elementor-element elementor-element-d887348\" data-id=\"d887348\" data-element_type=\"column\">\n\t\t\t<div class=\"elementor-widget-wrap elementor-element-populated\">\n\t\t\t\t\t\t<div class=\"elementor-element elementor-element-982ceac animated-fast elementor-position-top elementor-invisible elementor-widget elementor-widget-image-box\" data-id=\"982ceac\" data-element_type=\"widget\" data-settings=\"{&quot;_animation&quot;:&quot;opal-move-right&quot;}\" data-widget_type=\"image-box.default\">\n\t\t\t\t<div class=\"elementor-widget-container\">\n\t\t\t\t\t<div class=\"elementor-image-box-wrapper\"><figure class=\"elementor-image-box-img\"><img decoding=\"async\" src=\"http:\/\/nmc.1c7.myftpupload.com\/wp-content\/uploads\/2018\/10\/Ico_Chat-Support-1.svg\" title=\"\" alt=\"\" loading=\"lazy\" \/><\/figure><div class=\"elementor-image-box-content\"><h3 class=\"elementor-image-box-title\">Service 24 heures sur 24, 7 jours sur 7<\/h3><\/div><\/div>\t\t\t\t<\/div>\n\t\t\t\t<\/div>\n\t\t\t\t\t<\/div>\n\t\t<\/div>\n\t\t\t\t<div class=\"elementor-column elementor-col-33 elementor-inner-column elementor-element elementor-element-1179cfc\" data-id=\"1179cfc\" data-element_type=\"column\">\n\t\t\t<div class=\"elementor-widget-wrap elementor-element-populated\">\n\t\t\t\t\t\t<div class=\"elementor-element elementor-element-a587c71 animated-fast elementor-position-top elementor-invisible elementor-widget elementor-widget-image-box\" data-id=\"a587c71\" data-element_type=\"widget\" data-settings=\"{&quot;_animation&quot;:&quot;opal-move-up&quot;}\" data-widget_type=\"image-box.default\">\n\t\t\t\t<div class=\"elementor-widget-container\">\n\t\t\t\t\t<div class=\"elementor-image-box-wrapper\"><figure class=\"elementor-image-box-img\"><img decoding=\"async\" src=\"http:\/\/nmc.1c7.myftpupload.com\/wp-content\/uploads\/2018\/10\/Ico_Ship2.svg\" title=\"\" alt=\"\" loading=\"lazy\" \/><\/figure><div class=\"elementor-image-box-content\"><h3 class=\"elementor-image-box-title\">Transport maritime \u00e0 bas prix<\/h3><\/div><\/div>\t\t\t\t<\/div>\n\t\t\t\t<\/div>\n\t\t\t\t\t<\/div>\n\t\t<\/div>\n\t\t\t\t<div class=\"elementor-column elementor-col-33 elementor-inner-column elementor-element elementor-element-e93f152\" data-id=\"e93f152\" data-element_type=\"column\">\n\t\t\t<div class=\"elementor-widget-wrap elementor-element-populated\">\n\t\t\t\t\t\t<div class=\"elementor-element elementor-element-3896a37 animated-fast elementor-position-top elementor-invisible elementor-widget elementor-widget-image-box\" data-id=\"3896a37\" data-element_type=\"widget\" data-settings=\"{&quot;_animation&quot;:&quot;opal-move-left&quot;}\" data-widget_type=\"image-box.default\">\n\t\t\t\t<div class=\"elementor-widget-container\">\n\t\t\t\t\t<div class=\"elementor-image-box-wrapper\"><figure class=\"elementor-image-box-img\"><img decoding=\"async\" src=\"http:\/\/nmc.1c7.myftpupload.com\/wp-content\/uploads\/2018\/10\/Ico_Refund.svg\" title=\"\" alt=\"\" loading=\"lazy\" \/><\/figure><div class=\"elementor-image-box-content\"><h3 class=\"elementor-image-box-title\">Remboursement simple<\/h3><\/div><\/div>\t\t\t\t<\/div>\n\t\t\t\t<\/div>\n\t\t\t\t\t<\/div>\n\t\t<\/div>\n\t\t\t\t\t<\/div>\n\t\t<\/section>\n\t\t\t\t\t<\/div>\n\t\t<\/div>\n\t\t\t\t\t<\/div>\n\t\t<\/section>\n\t\t\t\t<section class=\"elementor-section elementor-top-section elementor-element elementor-element-a7b734f animated-fast elementor-section-boxed elementor-section-height-default elementor-section-height-default elementor-invisible\" data-id=\"a7b734f\" data-element_type=\"section\" data-settings=\"{&quot;animation&quot;:&quot;opal-move-up&quot;}\">\n\t\t\t\t\t\t<div class=\"elementor-container elementor-column-gap-no\">\n\t\t\t\t\t<div class=\"elementor-column elementor-col-20 elementor-top-column elementor-element elementor-element-3d64777\" data-id=\"3d64777\" data-element_type=\"column\">\n\t\t\t<div class=\"elementor-widget-wrap elementor-element-populated\">\n\t\t\t\t\t\t<div class=\"elementor-element elementor-element-a833e9e elementor-invisible elementor-widget elementor-widget-image\" data-id=\"a833e9e\" data-element_type=\"widget\" data-settings=\"{&quot;_animation&quot;:&quot;fadeInUp&quot;,&quot;_animation_delay&quot;:100}\" data-widget_type=\"image.default\">\n\t\t\t\t<div class=\"elementor-widget-container\">\n\t\t\t\t\t\t\t\t\t\t\t\t\t\t\t<img decoding=\"async\" src=\"http:\/\/nmc.1c7.myftpupload.com\/wp-content\/uploads\/2018\/10\/brand-1.png\" title=\"\" alt=\"\" class=\"elementor-animation-grow\" loading=\"lazy\" \/>\t\t\t\t\t\t\t\t\t\t\t\t\t\t\t<\/div>\n\t\t\t\t<\/div>\n\t\t\t\t\t<\/div>\n\t\t<\/div>\n\t\t\t\t<div class=\"elementor-column elementor-col-20 elementor-top-column elementor-element elementor-element-f553c0e\" data-id=\"f553c0e\" data-element_type=\"column\">\n\t\t\t<div class=\"elementor-widget-wrap elementor-element-populated\">\n\t\t\t\t\t\t<div class=\"elementor-element elementor-element-1f0bb9a elementor-invisible elementor-widget elementor-widget-image\" data-id=\"1f0bb9a\" data-element_type=\"widget\" data-settings=\"{&quot;_animation&quot;:&quot;fadeInUp&quot;,&quot;_animation_delay&quot;:200}\" data-widget_type=\"image.default\">\n\t\t\t\t<div class=\"elementor-widget-container\">\n\t\t\t\t\t\t\t\t\t\t\t\t\t\t\t<img decoding=\"async\" src=\"http:\/\/nmc.1c7.myftpupload.com\/wp-content\/uploads\/2018\/10\/brand-2.png\" title=\"\" alt=\"\" class=\"elementor-animation-grow\" loading=\"lazy\" \/>\t\t\t\t\t\t\t\t\t\t\t\t\t\t\t<\/div>\n\t\t\t\t<\/div>\n\t\t\t\t\t<\/div>\n\t\t<\/div>\n\t\t\t\t<div class=\"elementor-column elementor-col-20 elementor-top-column elementor-element elementor-element-a875130\" data-id=\"a875130\" data-element_type=\"column\">\n\t\t\t<div class=\"elementor-widget-wrap elementor-element-populated\">\n\t\t\t\t\t\t<div class=\"elementor-element elementor-element-d3c750a elementor-invisible elementor-widget elementor-widget-image\" data-id=\"d3c750a\" data-element_type=\"widget\" data-settings=\"{&quot;_animation&quot;:&quot;fadeInUp&quot;,&quot;_animation_delay&quot;:300}\" data-widget_type=\"image.default\">\n\t\t\t\t<div class=\"elementor-widget-container\">\n\t\t\t\t\t\t\t\t\t\t\t\t\t\t\t<img decoding=\"async\" src=\"http:\/\/nmc.1c7.myftpupload.com\/wp-content\/uploads\/2018\/10\/brand-3.png\" title=\"\" alt=\"\" class=\"elementor-animation-grow\" loading=\"lazy\" \/>\t\t\t\t\t\t\t\t\t\t\t\t\t\t\t<\/div>\n\t\t\t\t<\/div>\n\t\t\t\t\t<\/div>\n\t\t<\/div>\n\t\t\t\t<div class=\"elementor-column elementor-col-20 elementor-top-column elementor-element elementor-element-b24fd14\" data-id=\"b24fd14\" data-element_type=\"column\">\n\t\t\t<div class=\"elementor-widget-wrap elementor-element-populated\">\n\t\t\t\t\t\t<div class=\"elementor-element elementor-element-b531052 elementor-invisible elementor-widget elementor-widget-image\" data-id=\"b531052\" data-element_type=\"widget\" data-settings=\"{&quot;_animation&quot;:&quot;fadeInUp&quot;,&quot;_animation_delay&quot;:400}\" data-widget_type=\"image.default\">\n\t\t\t\t<div class=\"elementor-widget-container\">\n\t\t\t\t\t\t\t\t\t\t\t\t\t\t\t<img decoding=\"async\" src=\"http:\/\/nmc.1c7.myftpupload.com\/wp-content\/uploads\/2018\/10\/brand-4.png\" title=\"\" alt=\"\" class=\"elementor-animation-grow\" loading=\"lazy\" \/>\t\t\t\t\t\t\t\t\t\t\t\t\t\t\t<\/div>\n\t\t\t\t<\/div>\n\t\t\t\t\t<\/div>\n\t\t<\/div>\n\t\t\t\t<div class=\"elementor-column elementor-col-20 elementor-top-column elementor-element elementor-element-096273c\" data-id=\"096273c\" data-element_type=\"column\">\n\t\t\t<div class=\"elementor-widget-wrap elementor-element-populated\">\n\t\t\t\t\t\t<div class=\"elementor-element elementor-element-4bfa63e elementor-invisible elementor-widget elementor-widget-image\" data-id=\"4bfa63e\" data-element_type=\"widget\" data-settings=\"{&quot;_animation&quot;:&quot;fadeInUp&quot;,&quot;_animation_delay&quot;:500}\" data-widget_type=\"image.default\">\n\t\t\t\t<div class=\"elementor-widget-container\">\n\t\t\t\t\t\t\t\t\t\t\t\t\t\t\t<img decoding=\"async\" src=\"http:\/\/nmc.1c7.myftpupload.com\/wp-content\/uploads\/2018\/10\/brand-5.png\" title=\"\" alt=\"\" class=\"elementor-animation-grow\" loading=\"lazy\" \/>\t\t\t\t\t\t\t\t\t\t\t\t\t\t\t<\/div>\n\t\t\t\t<\/div>\n\t\t\t\t\t<\/div>\n\t\t<\/div>\n\t\t\t\t\t<\/div>\n\t\t<\/section>\n\t\t\t\t<\/div>","protected":false},"excerpt":{"rendered":"<p>Balz &amp; Rolf &#8211; Der &#171;No-Nonsense&#187; Shop in der Schweiz Balz &amp; Rolf bietet eine Auswahl an Produkten mit bester Qualit\u00e4t an. Unsere Mission ist es, eine einzigartige Reihe von Gesundheitsprodukten anzubieten, die Menschen zu einem gesunden und aktiven Lebensstil inspirieren. Wir \u00fcberpr\u00fcfen jedes Produkt bis hinunter zu seiner Verpackung, um sicherzustellen, dass wir kontinuierlich &hellip; <\/p>\n<p class=\"link-more\"><a href=\"https:\/\/nmc.1c7.myftpupload.com\/fr\/uber-uns\/\" class=\"more-link\">Read More <span class=\"screen-reader-text\"> &#171;\u00dcber uns&#187;<\/span><\/a><\/p>","protected":false},"author":1,"featured_media":0,"parent":0,"menu_order":0,"comment_status":"closed","ping_status":"closed","template":"","meta":{"_coblocks_attr":"","_coblocks_dimensions":"","_coblocks_responsive_height":"","_coblocks_accordion_ie_support":"","footnotes":""},"class_list":["post-13","page","type-page","status-publish","hentry"],"yoast_head":"<!-- This site is optimized with the Yoast SEO plugin v19.6.1 - https:\/\/yoast.com\/wordpress\/plugins\/seo\/ -->\n<title>\u00dcber uns - Balz and Rolf<\/title>\n<meta name=\"robots\" content=\"noindex, follow, max-snippet:-1, max-image-preview:large, max-video-preview:-1\" \/>\n<meta property=\"og:locale\" content=\"fr_FR\" \/>\n<meta property=\"og:type\" content=\"article\" \/>\n<meta property=\"og:title\" content=\"\u00dcber uns - Balz and Rolf\" \/>\n<meta property=\"og:description\" content=\"Balz &amp; Rolf &#8211; Der &#171;No-Nonsense&#187; Shop in der Schweiz Balz &amp; Rolf bietet eine Auswahl an Produkten mit bester Qualit\u00e4t an. Unsere Mission ist es, eine einzigartige Reihe von Gesundheitsprodukten anzubieten, die Menschen zu einem gesunden und aktiven Lebensstil inspirieren. Wir \u00fcberpr\u00fcfen jedes Produkt bis hinunter zu seiner Verpackung, um sicherzustellen, dass wir kontinuierlich &hellip; Read More &quot;\u00dcber uns&quot;\" \/>\n<meta property=\"og:url\" content=\"https:\/\/nmc.1c7.myftpupload.com\/fr\/uber-uns\/\" \/>\n<meta property=\"og:site_name\" content=\"Balz and Rolf\" \/>\n<meta property=\"article:modified_time\" content=\"2020-07-02T12:53:32+00:00\" \/>\n<meta property=\"og:image\" content=\"http:\/\/nmc.1c7.myftpupload.com\/wp-content\/uploads\/2018\/10\/brand-1.png\" \/>\n<meta name=\"twitter:card\" content=\"summary_large_image\" \/>\n<meta name=\"twitter:label1\" content=\"Dur\u00e9e de lecture estim\u00e9e\" \/>\n\t<meta name=\"twitter:data1\" content=\"1 minute\" \/>\n<script type=\"application\/ld+json\" class=\"yoast-schema-graph\">{\"@context\":\"https:\/\/schema.org\",\"@graph\":[{\"@type\":\"WebPage\",\"@id\":\"https:\/\/nmc.1c7.myftpupload.com\/uber-uns\/\",\"url\":\"https:\/\/nmc.1c7.myftpupload.com\/uber-uns\/\",\"name\":\"\u00dcber uns - Balz and Rolf\",\"isPartOf\":{\"@id\":\"https:\/\/nmc.1c7.myftpupload.com\/#website\"},\"datePublished\":\"2018-09-10T02:56:22+00:00\",\"dateModified\":\"2020-07-02T12:53:32+00:00\",\"breadcrumb\":{\"@id\":\"https:\/\/nmc.1c7.myftpupload.com\/uber-uns\/#breadcrumb\"},\"inLanguage\":\"fr-FR\",\"potentialAction\":[{\"@type\":\"ReadAction\",\"target\":[\"https:\/\/nmc.1c7.myftpupload.com\/uber-uns\/\"]}]},{\"@type\":\"BreadcrumbList\",\"@id\":\"https:\/\/nmc.1c7.myftpupload.com\/uber-uns\/#breadcrumb\",\"itemListElement\":[{\"@type\":\"ListItem\",\"position\":1,\"name\":\"Home\",\"item\":\"https:\/\/nmc.1c7.myftpupload.com\/\"},{\"@type\":\"ListItem\",\"position\":2,\"name\":\"\u00dcber uns\"}]},{\"@type\":\"WebSite\",\"@id\":\"https:\/\/nmc.1c7.myftpupload.com\/#website\",\"url\":\"https:\/\/nmc.1c7.myftpupload.com\/\",\"name\":\"Balz and Rolf\",\"description\":\"Vertrauensw\u00fcrdiger Schweizer Marktplatz f\u00fcr Gesundheitsprodukte\",\"publisher\":{\"@id\":\"https:\/\/nmc.1c7.myftpupload.com\/#organization\"},\"potentialAction\":[{\"@type\":\"SearchAction\",\"target\":{\"@type\":\"EntryPoint\",\"urlTemplate\":\"https:\/\/nmc.1c7.myftpupload.com\/?s={search_term_string}\"},\"query-input\":\"required name=search_term_string\"}],\"inLanguage\":\"fr-FR\"},{\"@type\":\"Organization\",\"@id\":\"https:\/\/nmc.1c7.myftpupload.com\/#organization\",\"name\":\"Balz and Rolf\",\"url\":\"https:\/\/nmc.1c7.myftpupload.com\/\",\"sameAs\":[],\"logo\":{\"@type\":\"ImageObject\",\"inLanguage\":\"fr-FR\",\"@id\":\"https:\/\/nmc.1c7.myftpupload.com\/#\/schema\/logo\/image\/\",\"url\":\"https:\/\/nmc.1c7.myftpupload.com\/wp-content\/uploads\/2020\/05\/cropped-balzandrolflogo.png\",\"contentUrl\":\"https:\/\/nmc.1c7.myftpupload.com\/wp-content\/uploads\/2020\/05\/cropped-balzandrolflogo.png\",\"width\":787,\"height\":679,\"caption\":\"Balz and Rolf\"},\"image\":{\"@id\":\"https:\/\/nmc.1c7.myftpupload.com\/#\/schema\/logo\/image\/\"}}]}<\/script>\n<!-- \/ Yoast SEO plugin. -->","yoast_head_json":{"title":"\u00c0 propos de nous - Balz et Rolf","robots":{"index":"noindex","follow":"follow","max-snippet":"max-snippet:-1","max-image-preview":"max-image-preview:large","max-video-preview":"max-video-preview:-1"},"og_locale":"fr_FR","og_type":"article","og_title":"\u00dcber uns - Balz and Rolf","og_description":"Balz &amp; Rolf &#8211; Der &#171;No-Nonsense&#187; Shop in der Schweiz Balz &amp; Rolf bietet eine Auswahl an Produkten mit bester Qualit\u00e4t an. Unsere Mission ist es, eine einzigartige Reihe von Gesundheitsprodukten anzubieten, die Menschen zu einem gesunden und aktiven Lebensstil inspirieren. Wir \u00fcberpr\u00fcfen jedes Produkt bis hinunter zu seiner Verpackung, um sicherzustellen, dass wir kontinuierlich &hellip; Read More \"\u00dcber uns\"","og_url":"https:\/\/nmc.1c7.myftpupload.com\/fr\/uber-uns\/","og_site_name":"Balz and Rolf","article_modified_time":"2020-07-02T12:53:32+00:00","og_image":[{"url":"http:\/\/nmc.1c7.myftpupload.com\/wp-content\/uploads\/2018\/10\/brand-1.png"}],"twitter_card":"summary_large_image","twitter_misc":{"Dur\u00e9e de lecture estim\u00e9e":"1 minute"},"schema":{"@context":"https:\/\/schema.org","@graph":[{"@type":"WebPage","@id":"https:\/\/nmc.1c7.myftpupload.com\/uber-uns\/","url":"https:\/\/nmc.1c7.myftpupload.com\/uber-uns\/","name":"\u00c0 propos de nous - Balz et Rolf","isPartOf":{"@id":"https:\/\/nmc.1c7.myftpupload.com\/#website"},"datePublished":"2018-09-10T02:56:22+00:00","dateModified":"2020-07-02T12:53:32+00:00","breadcrumb":{"@id":"https:\/\/nmc.1c7.myftpupload.com\/uber-uns\/#breadcrumb"},"inLanguage":"fr-FR","potentialAction":[{"@type":"ReadAction","target":["https:\/\/nmc.1c7.myftpupload.com\/uber-uns\/"]}]},{"@type":"BreadcrumbList","@id":"https:\/\/nmc.1c7.myftpupload.com\/uber-uns\/#breadcrumb","itemListElement":[{"@type":"ListItem","position":1,"name":"Home","item":"https:\/\/nmc.1c7.myftpupload.com\/"},{"@type":"ListItem","position":2,"name":"\u00dcber uns"}]},{"@type":"WebSite","@id":"https:\/\/nmc.1c7.myftpupload.com\/#website","url":"https:\/\/nmc.1c7.myftpupload.com\/","name":"affichage de la cour","description":"Vertrauensw\u00fcrdiger Schweizer Marktplatz f\u00fcr Gesundheitsprodukte","publisher":{"@id":"https:\/\/nmc.1c7.myftpupload.com\/#organization"},"potentialAction":[{"@type":"SearchAction","target":{"@type":"EntryPoint","urlTemplate":"https:\/\/nmc.1c7.myftpupload.com\/?s={search_term_string}"},"query-input":"required name=search_term_string"}],"inLanguage":"fr-FR"},{"@type":"Organization","@id":"https:\/\/nmc.1c7.myftpupload.com\/#organization","name":"affichage de la cour","url":"https:\/\/nmc.1c7.myftpupload.com\/","sameAs":[],"logo":{"@type":"ImageObject","inLanguage":"fr-FR","@id":"https:\/\/nmc.1c7.myftpupload.com\/#\/schema\/logo\/image\/","url":"https:\/\/nmc.1c7.myftpupload.com\/wp-content\/uploads\/2020\/05\/cropped-balzandrolflogo.png","contentUrl":"https:\/\/nmc.1c7.myftpupload.com\/wp-content\/uploads\/2020\/05\/cropped-balzandrolflogo.png","width":787,"height":679,"caption":"Balz and Rolf"},"image":{"@id":"https:\/\/nmc.1c7.myftpupload.com\/#\/schema\/logo\/image\/"}}]}},"_links":{"self":[{"href":"https:\/\/nmc.1c7.myftpupload.com\/fr\/wp-json\/wp\/v2\/pages\/13","targetHints":{"allow":["GET"]}}],"collection":[{"href":"https:\/\/nmc.1c7.myftpupload.com\/fr\/wp-json\/wp\/v2\/pages"}],"about":[{"href":"https:\/\/nmc.1c7.myftpupload.com\/fr\/wp-json\/wp\/v2\/types\/page"}],"author":[{"embeddable":true,"href":"https:\/\/nmc.1c7.myftpupload.com\/fr\/wp-json\/wp\/v2\/users\/1"}],"replies":[{"embeddable":true,"href":"https:\/\/nmc.1c7.myftpupload.com\/fr\/wp-json\/wp\/v2\/comments?post=13"}],"version-history":[{"count":11,"href":"https:\/\/nmc.1c7.myftpupload.com\/fr\/wp-json\/wp\/v2\/pages\/13\/revisions"}],"predecessor-version":[{"id":5180,"href":"https:\/\/nmc.1c7.myftpupload.com\/fr\/wp-json\/wp\/v2\/pages\/13\/revisions\/5180"}],"wp:attachment":[{"href":"https:\/\/nmc.1c7.myftpupload.com\/fr\/wp-json\/wp\/v2\/media?parent=13"}],"curies":[{"name":"wp","href":"https:\/\/api.w.org\/{rel}","templated":true}]}}