{"id":1601,"date":"2018-10-17T04:08:16","date_gmt":"2018-10-17T04:08:16","guid":{"rendered":"http:\/\/source.wpopal.com\/auros\/?page_id=1601"},"modified":"2018-10-17T04:08:16","modified_gmt":"2018-10-17T04:08:16","slug":"order-tracking","status":"publish","type":"page","link":"https:\/\/nmc.1c7.myftpupload.com\/fr\/order-tracking\/","title":{"rendered":"suivi des commandes"},"content":{"rendered":"<div data-elementor-type=\"wp-post\" data-elementor-id=\"1601\" class=\"elementor elementor-1601 elementor-bc-flex-widget\">\n\t\t\t\t\t\t<section class=\"elementor-section elementor-top-section elementor-element elementor-element-f3720af elementor-section-boxed elementor-section-height-default elementor-section-height-default\" data-id=\"f3720af\" data-element_type=\"section\">\n\t\t\t\t\t\t<div class=\"elementor-container elementor-column-gap-no\">\n\t\t\t\t\t<div class=\"elementor-column elementor-col-100 elementor-top-column elementor-element elementor-element-246d230\" data-id=\"246d230\" data-element_type=\"column\">\n\t\t\t<div class=\"elementor-widget-wrap elementor-element-populated\">\n\t\t\t\t\t\t<div class=\"elementor-element elementor-element-3269dd9 elementor-widget elementor-widget-shortcode\" data-id=\"3269dd9\" data-element_type=\"widget\" data-widget_type=\"shortcode.default\">\n\t\t\t\t<div class=\"elementor-widget-container\">\n\t\t\t\t\t\t\t<div class=\"elementor-shortcode\"><div class=\"woocommerce\">\n<form action=\"https:\/\/nmc.1c7.myftpupload.com\/fr\/order-tracking\/\" method=\"post\" class=\"woocommerce-form woocommerce-form-track-order track_order\" data-trp-original-action=\"https:\/\/nmc.1c7.myftpupload.com\/fr\/order-tracking\/\">\n\n\t<p data-no-translation=\"\" data-trp-gettext=\"\">Pour suivre votre commande veuillez saisir votre ID de commande dans la boite ci-dessous et cliquer le bouton \u00ab\u00a0Suivre\u00a0\u00bb. Il vous a \u00e9t\u00e9 donn\u00e9 sur votre re\u00e7u et dans l\u2019e-mail de confirmation que vous avez du recevoir.<\/p>\n\n\t<p class=\"form-row form-row-first\"><label for=\"orderid\" data-no-translation=\"\" data-trp-gettext=\"\">N&deg; de commande<\/label> <input class=\"input-text\" type=\"text\" name=\"orderid\" id=\"orderid\" value=\"\" placeholder=\"Pr\u00e9sent dans l\u2019e-mail de confirmation.\" data-no-translation-placeholder=\"\" \/><\/p>\t<p class=\"form-row form-row-last\"><label for=\"order_email\" data-no-translation=\"\" data-trp-gettext=\"\">E-mail de facturation<\/label> <input class=\"input-text\" type=\"text\" name=\"order_email\" id=\"order_email\" value=\"\" placeholder=\"E-mail utilis\u00e9 pour la commande.\" data-no-translation-placeholder=\"\" \/><\/p>\t<div class=\"clear\"><\/div>\n\n\t<p class=\"form-row\"><button type=\"submit\" class=\"button\" name=\"track\" value=\"Suivi\" data-no-translation=\"\" data-trp-gettext=\"\" data-no-translation-value=\"\">Suivi<\/button><\/p>\n\t<input type=\"hidden\" id=\"woocommerce-order-tracking-nonce\" name=\"woocommerce-order-tracking-nonce\" value=\"5793210604\" \/><input type=\"hidden\" name=\"_wp_http_referer\" value=\"\/fr\/wp-json\/wp\/v2\/pages\/1601\" \/>\n<input type=\"hidden\" name=\"trp-form-language\" value=\"fr\"\/><\/form>\n<\/div><\/div>\n\t\t\t\t\t\t<\/div>\n\t\t\t\t<\/div>\n\t\t\t\t\t<\/div>\n\t\t<\/div>\n\t\t\t\t\t<\/div>\n\t\t<\/section>\n\t\t\t\t<\/div>","protected":false},"excerpt":{"rendered":"","protected":false},"author":1,"featured_media":0,"parent":0,"menu_order":0,"comment_status":"closed","ping_status":"closed","template":"","meta":{"_coblocks_attr":"","_coblocks_dimensions":"","_coblocks_responsive_height":"","_coblocks_accordion_ie_support":"","footnotes":""},"class_list":["post-1601","page","type-page","status-publish","hentry"],"yoast_head":"<!-- This site is optimized with the Yoast SEO plugin v19.6.1 - https:\/\/yoast.com\/wordpress\/plugins\/seo\/ -->\n<title>Order Tracking - Balz and Rolf<\/title>\n<meta name=\"robots\" content=\"noindex, follow, max-snippet:-1, max-image-preview:large, max-video-preview:-1\" \/>\n<meta property=\"og:locale\" content=\"fr_FR\" \/>\n<meta property=\"og:type\" content=\"article\" \/>\n<meta property=\"og:title\" content=\"Order Tracking - Balz and Rolf\" \/>\n<meta property=\"og:url\" content=\"https:\/\/nmc.1c7.myftpupload.com\/fr\/order-tracking\/\" \/>\n<meta property=\"og:site_name\" content=\"Balz and Rolf\" \/>\n<meta name=\"twitter:card\" content=\"summary_large_image\" \/>\n<script type=\"application\/ld+json\" class=\"yoast-schema-graph\">{\"@context\":\"https:\/\/schema.org\",\"@graph\":[{\"@type\":\"WebPage\",\"@id\":\"https:\/\/nmc.1c7.myftpupload.com\/order-tracking\/\",\"url\":\"https:\/\/nmc.1c7.myftpupload.com\/order-tracking\/\",\"name\":\"Order Tracking - Balz and Rolf\",\"isPartOf\":{\"@id\":\"https:\/\/nmc.1c7.myftpupload.com\/#website\"},\"datePublished\":\"2018-10-17T04:08:16+00:00\",\"dateModified\":\"2018-10-17T04:08:16+00:00\",\"breadcrumb\":{\"@id\":\"https:\/\/nmc.1c7.myftpupload.com\/order-tracking\/#breadcrumb\"},\"inLanguage\":\"fr-FR\",\"potentialAction\":[{\"@type\":\"ReadAction\",\"target\":[\"https:\/\/nmc.1c7.myftpupload.com\/order-tracking\/\"]}]},{\"@type\":\"BreadcrumbList\",\"@id\":\"https:\/\/nmc.1c7.myftpupload.com\/order-tracking\/#breadcrumb\",\"itemListElement\":[{\"@type\":\"ListItem\",\"position\":1,\"name\":\"Home\",\"item\":\"https:\/\/nmc.1c7.myftpupload.com\/\"},{\"@type\":\"ListItem\",\"position\":2,\"name\":\"Order Tracking\"}]},{\"@type\":\"WebSite\",\"@id\":\"https:\/\/nmc.1c7.myftpupload.com\/#website\",\"url\":\"https:\/\/nmc.1c7.myftpupload.com\/\",\"name\":\"Balz and Rolf\",\"description\":\"Vertrauensw\u00fcrdiger Schweizer Marktplatz f\u00fcr Gesundheitsprodukte\",\"publisher\":{\"@id\":\"https:\/\/nmc.1c7.myftpupload.com\/#organization\"},\"potentialAction\":[{\"@type\":\"SearchAction\",\"target\":{\"@type\":\"EntryPoint\",\"urlTemplate\":\"https:\/\/nmc.1c7.myftpupload.com\/?s={search_term_string}\"},\"query-input\":\"required name=search_term_string\"}],\"inLanguage\":\"fr-FR\"},{\"@type\":\"Organization\",\"@id\":\"https:\/\/nmc.1c7.myftpupload.com\/#organization\",\"name\":\"Balz and Rolf\",\"url\":\"https:\/\/nmc.1c7.myftpupload.com\/\",\"sameAs\":[],\"logo\":{\"@type\":\"ImageObject\",\"inLanguage\":\"fr-FR\",\"@id\":\"https:\/\/nmc.1c7.myftpupload.com\/#\/schema\/logo\/image\/\",\"url\":\"https:\/\/nmc.1c7.myftpupload.com\/wp-content\/uploads\/2020\/05\/cropped-balzandrolflogo.png\",\"contentUrl\":\"https:\/\/nmc.1c7.myftpupload.com\/wp-content\/uploads\/2020\/05\/cropped-balzandrolflogo.png\",\"width\":787,\"height\":679,\"caption\":\"Balz and Rolf\"},\"image\":{\"@id\":\"https:\/\/nmc.1c7.myftpupload.com\/#\/schema\/logo\/image\/\"}}]}<\/script>\n<!-- \/ Yoast SEO plugin. -->","yoast_head_json":{"title":"Suivi des commandes - la cour et Rolf","robots":{"index":"noindex","follow":"follow","max-snippet":"max-snippet:-1","max-image-preview":"max-image-preview:large","max-video-preview":"max-video-preview:-1"},"og_locale":"fr_FR","og_type":"article","og_title":"Order Tracking - Balz and Rolf","og_url":"https:\/\/nmc.1c7.myftpupload.com\/fr\/order-tracking\/","og_site_name":"Balz and Rolf","twitter_card":"summary_large_image","schema":{"@context":"https:\/\/schema.org","@graph":[{"@type":"WebPage","@id":"https:\/\/nmc.1c7.myftpupload.com\/order-tracking\/","url":"https:\/\/nmc.1c7.myftpupload.com\/order-tracking\/","name":"Suivi des commandes - la cour et Rolf","isPartOf":{"@id":"https:\/\/nmc.1c7.myftpupload.com\/#website"},"datePublished":"2018-10-17T04:08:16+00:00","dateModified":"2018-10-17T04:08:16+00:00","breadcrumb":{"@id":"https:\/\/nmc.1c7.myftpupload.com\/order-tracking\/#breadcrumb"},"inLanguage":"fr-FR","potentialAction":[{"@type":"ReadAction","target":["https:\/\/nmc.1c7.myftpupload.com\/order-tracking\/"]}]},{"@type":"BreadcrumbList","@id":"https:\/\/nmc.1c7.myftpupload.com\/order-tracking\/#breadcrumb","itemListElement":[{"@type":"ListItem","position":1,"name":"Home","item":"https:\/\/nmc.1c7.myftpupload.com\/"},{"@type":"ListItem","position":2,"name":"Order Tracking"}]},{"@type":"WebSite","@id":"https:\/\/nmc.1c7.myftpupload.com\/#website","url":"https:\/\/nmc.1c7.myftpupload.com\/","name":"affichage de la cour","description":"Vertrauensw\u00fcrdiger Schweizer Marktplatz f\u00fcr Gesundheitsprodukte","publisher":{"@id":"https:\/\/nmc.1c7.myftpupload.com\/#organization"},"potentialAction":[{"@type":"SearchAction","target":{"@type":"EntryPoint","urlTemplate":"https:\/\/nmc.1c7.myftpupload.com\/?s={search_term_string}"},"query-input":"required name=search_term_string"}],"inLanguage":"fr-FR"},{"@type":"Organization","@id":"https:\/\/nmc.1c7.myftpupload.com\/#organization","name":"affichage de la cour","url":"https:\/\/nmc.1c7.myftpupload.com\/","sameAs":[],"logo":{"@type":"ImageObject","inLanguage":"fr-FR","@id":"https:\/\/nmc.1c7.myftpupload.com\/#\/schema\/logo\/image\/","url":"https:\/\/nmc.1c7.myftpupload.com\/wp-content\/uploads\/2020\/05\/cropped-balzandrolflogo.png","contentUrl":"https:\/\/nmc.1c7.myftpupload.com\/wp-content\/uploads\/2020\/05\/cropped-balzandrolflogo.png","width":787,"height":679,"caption":"Balz and Rolf"},"image":{"@id":"https:\/\/nmc.1c7.myftpupload.com\/#\/schema\/logo\/image\/"}}]}},"_links":{"self":[{"href":"https:\/\/nmc.1c7.myftpupload.com\/fr\/wp-json\/wp\/v2\/pages\/1601","targetHints":{"allow":["GET"]}}],"collection":[{"href":"https:\/\/nmc.1c7.myftpupload.com\/fr\/wp-json\/wp\/v2\/pages"}],"about":[{"href":"https:\/\/nmc.1c7.myftpupload.com\/fr\/wp-json\/wp\/v2\/types\/page"}],"author":[{"embeddable":true,"href":"https:\/\/nmc.1c7.myftpupload.com\/fr\/wp-json\/wp\/v2\/users\/1"}],"replies":[{"embeddable":true,"href":"https:\/\/nmc.1c7.myftpupload.com\/fr\/wp-json\/wp\/v2\/comments?post=1601"}],"version-history":[{"count":0,"href":"https:\/\/nmc.1c7.myftpupload.com\/fr\/wp-json\/wp\/v2\/pages\/1601\/revisions"}],"wp:attachment":[{"href":"https:\/\/nmc.1c7.myftpupload.com\/fr\/wp-json\/wp\/v2\/media?parent=1601"}],"curies":[{"name":"wp","href":"https:\/\/api.w.org\/{rel}","templated":true}]}}