{"id":291,"date":"2018-09-10T10:28:27","date_gmt":"2018-09-10T10:28:27","guid":{"rendered":"http:\/\/source.wpopal.com\/auros\/?page_id=291"},"modified":"2018-09-10T10:28:27","modified_gmt":"2018-09-10T10:28:27","slug":"404-page","status":"publish","type":"page","link":"https:\/\/nmc.1c7.myftpupload.com\/fr\/404-page\/","title":{"rendered":"404 pages"},"content":{"rendered":"<div data-elementor-type=\"wp-post\" data-elementor-id=\"291\" class=\"elementor elementor-291 elementor-bc-flex-widget\">\n\t\t\t\t\t\t<section class=\"elementor-section elementor-top-section elementor-element elementor-element-ded2ec7 elementor-section-boxed elementor-section-height-default elementor-section-height-default\" data-id=\"ded2ec7\" data-element_type=\"section\">\n\t\t\t\t\t\t<div class=\"elementor-container elementor-column-gap-no\">\n\t\t\t\t\t<div class=\"elementor-column elementor-col-100 elementor-top-column elementor-element elementor-element-6417725\" data-id=\"6417725\" data-element_type=\"column\">\n\t\t\t<div class=\"elementor-widget-wrap elementor-element-populated\">\n\t\t\t\t\t\t<div class=\"elementor-element elementor-element-01d486f elementor-widget elementor-widget-heading\" data-id=\"01d486f\" data-element_type=\"widget\" data-widget_type=\"heading.default\">\n\t\t\t\t<div class=\"elementor-widget-container\">\n\t\t\t\t\t<h2 class=\"elementor-heading-title elementor-size-default\">404<\/h2>\t\t\t\t<\/div>\n\t\t\t\t<\/div>\n\t\t\t\t<div class=\"elementor-element elementor-element-197a575 elementor-widget elementor-widget-heading\" data-id=\"197a575\" data-element_type=\"widget\" data-widget_type=\"heading.default\">\n\t\t\t\t<div class=\"elementor-widget-container\">\n\t\t\t\t\t<div class=\"elementor-heading-title elementor-size-default\">Non trouv\u00e9<\/div>\t\t\t\t<\/div>\n\t\t\t\t<\/div>\n\t\t\t\t<div class=\"elementor-element elementor-element-4e8530e elementor-widget-divider--view-line elementor-widget elementor-widget-divider\" data-id=\"4e8530e\" data-element_type=\"widget\" data-widget_type=\"divider.default\">\n\t\t\t\t<div class=\"elementor-widget-container\">\n\t\t\t\t\t\t\t<div class=\"elementor-divider\">\n\t\t\t<span class=\"elementor-divider-separator\">\n\t\t\t\t\t\t<\/span>\n\t\t<\/div>\n\t\t\t\t\t\t<\/div>\n\t\t\t\t<\/div>\n\t\t\t\t<div class=\"elementor-element elementor-element-eb195c8 elementor-widget elementor-widget-text-editor\" data-id=\"eb195c8\" data-element_type=\"widget\" data-widget_type=\"text-editor.default\">\n\t\t\t\t<div class=\"elementor-widget-container\">\n\t\t\t\t\t\t\t\t\t<p>Il semble que rien n'ait \u00e9t\u00e9 trouv\u00e9 \u00e0 cet endroit. Peut-\u00eatre essayer une recherche ?<\/p>\t\t\t\t\t\t\t\t<\/div>\n\t\t\t\t<\/div>\n\t\t\t\t\t<\/div>\n\t\t<\/div>\n\t\t\t\t\t<\/div>\n\t\t<\/section>\n\t\t\t\t<section class=\"elementor-section elementor-top-section elementor-element elementor-element-21a8e2b elementor-section-boxed elementor-section-height-default elementor-section-height-default\" data-id=\"21a8e2b\" data-element_type=\"section\">\n\t\t\t\t\t\t<div class=\"elementor-container elementor-column-gap-default\">\n\t\t\t\t\t<div class=\"elementor-column elementor-col-50 elementor-top-column elementor-element elementor-element-3c6246b\" data-id=\"3c6246b\" data-element_type=\"column\">\n\t\t\t<div class=\"elementor-widget-wrap elementor-element-populated\">\n\t\t\t\t\t\t<div class=\"elementor-element elementor-element-352b0a7 elementor-align-right elementor-tablet-align-center elementor-widget elementor-widget-button\" data-id=\"352b0a7\" data-element_type=\"widget\" data-widget_type=\"button.default\">\n\t\t\t\t<div class=\"elementor-widget-container\">\n\t\t\t\t\t\t\t\t\t<div class=\"elementor-button-wrapper\">\n\t\t\t\t\t<a class=\"elementor-button elementor-button-link elementor-size-md\" href=\"\">\n\t\t\t\t\t\t<span class=\"elementor-button-content-wrapper\">\n\t\t\t\t\t\t\t\t\t<span class=\"elementor-button-text\">Retour \u00e0 la page pr\u00e9c\u00e9dente<\/span>\n\t\t\t\t\t<\/span>\n\t\t\t\t\t<\/a>\n\t\t\t\t<\/div>\n\t\t\t\t\t\t\t\t<\/div>\n\t\t\t\t<\/div>\n\t\t\t\t\t<\/div>\n\t\t<\/div>\n\t\t\t\t<div class=\"elementor-column elementor-col-50 elementor-top-column elementor-element elementor-element-c575c46\" data-id=\"c575c46\" data-element_type=\"column\">\n\t\t\t<div class=\"elementor-widget-wrap elementor-element-populated\">\n\t\t\t\t\t\t<div class=\"elementor-element elementor-element-ad6acad elementor-align-left elementor-tablet-align-center elementor-widget elementor-widget-button\" data-id=\"ad6acad\" data-element_type=\"widget\" data-widget_type=\"button.default\">\n\t\t\t\t<div class=\"elementor-widget-container\">\n\t\t\t\t\t\t\t\t\t<div class=\"elementor-button-wrapper\">\n\t\t\t\t\t<a class=\"elementor-button elementor-button-link elementor-size-md\" href=\"https:\/\/demo1.wpopal.com\/strollik\/\">\n\t\t\t\t\t\t<span class=\"elementor-button-content-wrapper\">\n\t\t\t\t\t\t\t\t\t<span class=\"elementor-button-text\">Retour \u00e0 la page d'accueil<\/span>\n\t\t\t\t\t<\/span>\n\t\t\t\t\t<\/a>\n\t\t\t\t<\/div>\n\t\t\t\t\t\t\t\t<\/div>\n\t\t\t\t<\/div>\n\t\t\t\t\t<\/div>\n\t\t<\/div>\n\t\t\t\t\t<\/div>\n\t\t<\/section>\n\t\t\t\t<\/div>","protected":false},"excerpt":{"rendered":"<p>404 Not Found Il semble que rien n'ait \u00e9t\u00e9 trouv\u00e9 \u00e0 cet endroit. Peut-\u00eatre essayer une recherche ? Retour \u00e0 la page pr\u00e9c\u00e9dente Retour \u00e0 la page d'accueil<\/p>","protected":false},"author":1,"featured_media":0,"parent":0,"menu_order":0,"comment_status":"closed","ping_status":"closed","template":"","meta":{"_coblocks_attr":"","_coblocks_dimensions":"","_coblocks_responsive_height":"","_coblocks_accordion_ie_support":"","footnotes":""},"class_list":["post-291","page","type-page","status-publish","hentry"],"yoast_head":"<!-- This site is optimized with the Yoast SEO plugin v19.6.1 - https:\/\/yoast.com\/wordpress\/plugins\/seo\/ -->\n<title>404 page - Balz and Rolf<\/title>\n<meta name=\"robots\" content=\"noindex, follow, max-snippet:-1, max-image-preview:large, max-video-preview:-1\" \/>\n<meta property=\"og:locale\" content=\"fr_FR\" \/>\n<meta property=\"og:type\" content=\"article\" \/>\n<meta property=\"og:title\" content=\"404 page - Balz and Rolf\" \/>\n<meta property=\"og:description\" content=\"404 Not Found It looks like nothing was found at this location. Maybe try a search? Go back to previous page Return to homepage\" \/>\n<meta property=\"og:url\" content=\"https:\/\/nmc.1c7.myftpupload.com\/fr\/404-page\/\" \/>\n<meta property=\"og:site_name\" content=\"Balz and Rolf\" \/>\n<meta name=\"twitter:card\" content=\"summary_large_image\" \/>\n<script type=\"application\/ld+json\" class=\"yoast-schema-graph\">{\"@context\":\"https:\/\/schema.org\",\"@graph\":[{\"@type\":\"WebPage\",\"@id\":\"https:\/\/nmc.1c7.myftpupload.com\/en\/404-page\/\",\"url\":\"https:\/\/nmc.1c7.myftpupload.com\/en\/404-page\/\",\"name\":\"404 page - Balz and Rolf\",\"isPartOf\":{\"@id\":\"https:\/\/nmc.1c7.myftpupload.com\/#website\"},\"datePublished\":\"2018-09-10T10:28:27+00:00\",\"dateModified\":\"2018-09-10T10:28:27+00:00\",\"breadcrumb\":{\"@id\":\"https:\/\/nmc.1c7.myftpupload.com\/en\/404-page\/#breadcrumb\"},\"inLanguage\":\"fr-FR\",\"potentialAction\":[{\"@type\":\"ReadAction\",\"target\":[\"https:\/\/nmc.1c7.myftpupload.com\/en\/404-page\/\"]}]},{\"@type\":\"BreadcrumbList\",\"@id\":\"https:\/\/nmc.1c7.myftpupload.com\/en\/404-page\/#breadcrumb\",\"itemListElement\":[{\"@type\":\"ListItem\",\"position\":1,\"name\":\"Home\",\"item\":\"https:\/\/nmc.1c7.myftpupload.com\/\"},{\"@type\":\"ListItem\",\"position\":2,\"name\":\"404 page\"}]},{\"@type\":\"WebSite\",\"@id\":\"https:\/\/nmc.1c7.myftpupload.com\/#website\",\"url\":\"https:\/\/nmc.1c7.myftpupload.com\/\",\"name\":\"Balz and Rolf\",\"description\":\"Vertrauensw\u00fcrdiger Schweizer Marktplatz f\u00fcr Gesundheitsprodukte\",\"publisher\":{\"@id\":\"https:\/\/nmc.1c7.myftpupload.com\/#organization\"},\"potentialAction\":[{\"@type\":\"SearchAction\",\"target\":{\"@type\":\"EntryPoint\",\"urlTemplate\":\"https:\/\/nmc.1c7.myftpupload.com\/?s={search_term_string}\"},\"query-input\":\"required name=search_term_string\"}],\"inLanguage\":\"fr-FR\"},{\"@type\":\"Organization\",\"@id\":\"https:\/\/nmc.1c7.myftpupload.com\/#organization\",\"name\":\"Balz and Rolf\",\"url\":\"https:\/\/nmc.1c7.myftpupload.com\/\",\"sameAs\":[],\"logo\":{\"@type\":\"ImageObject\",\"inLanguage\":\"fr-FR\",\"@id\":\"https:\/\/nmc.1c7.myftpupload.com\/#\/schema\/logo\/image\/\",\"url\":\"https:\/\/nmc.1c7.myftpupload.com\/wp-content\/uploads\/2020\/05\/cropped-balzandrolflogo.png\",\"contentUrl\":\"https:\/\/nmc.1c7.myftpupload.com\/wp-content\/uploads\/2020\/05\/cropped-balzandrolflogo.png\",\"width\":787,\"height\":679,\"caption\":\"Balz and Rolf\"},\"image\":{\"@id\":\"https:\/\/nmc.1c7.myftpupload.com\/#\/schema\/logo\/image\/\"}}]}<\/script>\n<!-- \/ Yoast SEO plugin. -->","yoast_head_json":{"title":"404 page - Balz et Rolf","robots":{"index":"noindex","follow":"follow","max-snippet":"max-snippet:-1","max-image-preview":"max-image-preview:large","max-video-preview":"max-video-preview:-1"},"og_locale":"fr_FR","og_type":"article","og_title":"404 page - Balz and Rolf","og_description":"404 Not Found It looks like nothing was found at this location. Maybe try a search? Go back to previous page Return to homepage","og_url":"https:\/\/nmc.1c7.myftpupload.com\/fr\/404-page\/","og_site_name":"Balz and Rolf","twitter_card":"summary_large_image","schema":{"@context":"https:\/\/schema.org","@graph":[{"@type":"WebPage","@id":"https:\/\/nmc.1c7.myftpupload.com\/en\/404-page\/","url":"https:\/\/nmc.1c7.myftpupload.com\/en\/404-page\/","name":"404 page - Balz et Rolf","isPartOf":{"@id":"https:\/\/nmc.1c7.myftpupload.com\/#website"},"datePublished":"2018-09-10T10:28:27+00:00","dateModified":"2018-09-10T10:28:27+00:00","breadcrumb":{"@id":"https:\/\/nmc.1c7.myftpupload.com\/en\/404-page\/#breadcrumb"},"inLanguage":"fr-FR","potentialAction":[{"@type":"ReadAction","target":["https:\/\/nmc.1c7.myftpupload.com\/en\/404-page\/"]}]},{"@type":"BreadcrumbList","@id":"https:\/\/nmc.1c7.myftpupload.com\/en\/404-page\/#breadcrumb","itemListElement":[{"@type":"ListItem","position":1,"name":"Home","item":"https:\/\/nmc.1c7.myftpupload.com\/"},{"@type":"ListItem","position":2,"name":"404 page"}]},{"@type":"WebSite","@id":"https:\/\/nmc.1c7.myftpupload.com\/#website","url":"https:\/\/nmc.1c7.myftpupload.com\/","name":"affichage de la cour","description":"Vertrauensw\u00fcrdiger Schweizer Marktplatz f\u00fcr Gesundheitsprodukte","publisher":{"@id":"https:\/\/nmc.1c7.myftpupload.com\/#organization"},"potentialAction":[{"@type":"SearchAction","target":{"@type":"EntryPoint","urlTemplate":"https:\/\/nmc.1c7.myftpupload.com\/?s={search_term_string}"},"query-input":"required name=search_term_string"}],"inLanguage":"fr-FR"},{"@type":"Organization","@id":"https:\/\/nmc.1c7.myftpupload.com\/#organization","name":"affichage de la cour","url":"https:\/\/nmc.1c7.myftpupload.com\/","sameAs":[],"logo":{"@type":"ImageObject","inLanguage":"fr-FR","@id":"https:\/\/nmc.1c7.myftpupload.com\/#\/schema\/logo\/image\/","url":"https:\/\/nmc.1c7.myftpupload.com\/wp-content\/uploads\/2020\/05\/cropped-balzandrolflogo.png","contentUrl":"https:\/\/nmc.1c7.myftpupload.com\/wp-content\/uploads\/2020\/05\/cropped-balzandrolflogo.png","width":787,"height":679,"caption":"Balz and Rolf"},"image":{"@id":"https:\/\/nmc.1c7.myftpupload.com\/#\/schema\/logo\/image\/"}}]}},"_links":{"self":[{"href":"https:\/\/nmc.1c7.myftpupload.com\/fr\/wp-json\/wp\/v2\/pages\/291","targetHints":{"allow":["GET"]}}],"collection":[{"href":"https:\/\/nmc.1c7.myftpupload.com\/fr\/wp-json\/wp\/v2\/pages"}],"about":[{"href":"https:\/\/nmc.1c7.myftpupload.com\/fr\/wp-json\/wp\/v2\/types\/page"}],"author":[{"embeddable":true,"href":"https:\/\/nmc.1c7.myftpupload.com\/fr\/wp-json\/wp\/v2\/users\/1"}],"replies":[{"embeddable":true,"href":"https:\/\/nmc.1c7.myftpupload.com\/fr\/wp-json\/wp\/v2\/comments?post=291"}],"version-history":[{"count":0,"href":"https:\/\/nmc.1c7.myftpupload.com\/fr\/wp-json\/wp\/v2\/pages\/291\/revisions"}],"wp:attachment":[{"href":"https:\/\/nmc.1c7.myftpupload.com\/fr\/wp-json\/wp\/v2\/media?parent=291"}],"curies":[{"name":"wp","href":"https:\/\/api.w.org\/{rel}","templated":true}]}}